
{"id":359,"date":"2014-09-13T20:29:26","date_gmt":"2014-09-13T20:29:26","guid":{"rendered":"http:\/\/totaltheme.wpengine.com\/neat\/?page_id=359"},"modified":"2018-12-11T15:58:17","modified_gmt":"2018-12-11T15:58:17","slug":"services-2","status":"publish","type":"page","link":"https:\/\/www.greenservicios.com\/fr\/services-2\/","title":{"rendered":"Services"},"content":{"rendered":"[vc_row full_width=\u00a0\u00bbstretch_row\u00a0\u00bb parallax=\u00a0\u00bbcontent-moving\u00a0\u00bb][vc_column width=\u00a0\u00bb1\/2&Prime;]<div class=\"vcex-spacing\" style=\"height:20px\"><\/div><div class=\"vcex-module vcex-heading vcex-heading-plain\" style=\"font-family:Titillium Web;font-size:22px;font-weight:600;text-align:left;line-height:1.1;\"><span class=\"vcex-heading-inner clr\">Nos services<\/span><\/div><div class=\"vcex-spacing\" style=\"height:30px\"><\/div>[vc_column_text]Green fournit des interconnexions Voip offrant la possibilit\u00e9 de combiner diff\u00e9rentes options de routage et de tarification, ainsi que des solutions personnalis\u00e9es pour chaque entreprise,\u00e0 la fois pour le commerce de Retail et pour Wholesale.[\/vc_column_text]<div class=\"vcex-spacing\" style=\"height:10px\"><\/div>[vc_column_text]Les combinaisons de routage et de tarification garantissent le meilleur rapport qualit\u00e9-prix dans plus de 1 000 destinations internationales fixes et mobiles. Avec plus de 150 millions de minutes par an, nous disposons d\u2019un pouvoir d\u2019achat qui nous permet d\u2019offrir \u00e0 nos clients la meilleure qualit\u00e9 \u00e0 un prix comp\u00e9titif.[\/vc_column_text][\/vc_column][vc_column css_animation=\u00a0\u00bbfadeInRight\u00a0\u00bb width=\u00a0\u00bb1\/2&Prime;]<div class=\"vcex-spacing\" style=\"height:20px\"><\/div><div class=\"vcex-module vcex-heading vcex-heading-plain\" style=\"font-family:Titillium Web;font-size:22px;font-weight:600;text-align:left;line-height:1.1;\"><span class=\"vcex-heading-inner clr\">Notre approche<\/span><\/div><div class=\"vcex-spacing\" style=\"height:30px\"><\/div>[vc_single_image image=\u00a0\u00bb2449&Prime;][\/vc_column][\/vc_row][vc_row full_width=\u00a0\u00bbstretch_row_content\u00a0\u00bb css=\u00a0\u00bb.vc_custom_1542044268213{background-position: center !important;background-repeat: no-repeat !important;background-size: contain !important;}\u00a0\u00bb][vc_column css=\u00a0\u00bb.vc_custom_1542044279391{background-position: center !important;background-repeat: no-repeat !important;background-size: cover !important;}\u00a0\u00bb]<div class=\"vcex-module vcex-divider vcex-divider-solid\" style=\"border-color:#62bd1a;\"><\/div><div class=\"vcex-spacing\" style=\"height:10px\"><\/div>[\/vc_column][\/vc_row][vc_row css_animation=\u00a0\u00bblightSpeedIn\u00a0\u00bb][vc_column width=\u00a0\u00bb1\/2&Prime;]<div class=\"vcex-module vcex-heading vcex-heading-plain\" style=\"font-family:Titillium Web;font-size:22px;font-weight:600;text-align:left;line-height:1.1;\"><span class=\"vcex-heading-inner clr\">Nous offrons deux types de services:<\/span><\/div><div class=\"vcex-spacing\" style=\"height:30px\"><\/div>[vc_row_inner][vc_column_inner width=\u00a0\u00bb1\/2&Prime;]<div class=\"vcex-module vcex-heading vcex-heading-plain\" style=\"font-family:Titillium Web;font-size:22px;font-weight:600;text-align:left;line-height:1.1;\"><span class=\"vcex-heading-inner clr\">Retail<\/span><\/div><div class=\"vcex-spacing\" style=\"height:30px\"><\/div>[vc_column_text]\n<section>\n<p class=\"p3\">Destin\u00e9 aux compagnies qui offrent des services aux clients finaux.<\/p>\n<\/section>\n<section><\/section>\n[\/vc_column_text][\/vc_column_inner][vc_column_inner width=\u00a0\u00bb1\/2&Prime;]<div class=\"vcex-module vcex-heading vcex-heading-plain\" style=\"font-family:Titillium Web;font-size:22px;font-weight:600;text-align:left;line-height:1.1;\"><span class=\"vcex-heading-inner clr\">Wholesale<\/span><\/div><div class=\"vcex-spacing\" style=\"height:30px\"><\/div>[vc_column_text]Destin\u00e9 aux grossistes qui offrent des services au niveau global.[\/vc_column_text][\/vc_column_inner][\/vc_row_inner][\/vc_column][vc_column width=\u00a0\u00bb1\/2&Prime;][vc_column_text color=\u00a0\u00bb#000000&Prime;]Afin de pouvoir fournir le meilleur rapport qualit\u00e9 de voix\/prix, nous avons trois types de services de terminaison:[\/vc_column_text]<div class=\"vcex-spacing\" style=\"height:30px\"><\/div>[vc_tta_tabs style=\u00a0\u00bbmodern\u00a0\u00bb shape=\u00a0\u00bbsquare\u00a0\u00bb active_section=\u00a0\u00bb1&Prime;][vc_tta_section title=\u00a0\u00bbQualit\u00e9 Standard\u00a0\u00bb tab_id=\u00a0\u00bb1542627581361-2fd0b0e0-039d\u00a0\u00bb][vc_column_text]Lignes alternatives, stables et \u00e0 prix r\u00e9ellement interessants. Notre surveillance continue garantit la fiabilit\u00e9 du service. Il est destin\u00e9 aux secteurs du march\u00e9 qui n\u00e9cessitent un produit stable et \u00e0 bas prix.[\/vc_column_text][\/vc_tta_section][vc_tta_section title=\u00a0\u00bbQualit\u00e9 Gold\u00a0\u00bb tab_id=\u00a0\u00bb1542627578736-31ec68aa-a25b\u00a0\u00bb][vc_column_text]La qualit\u00e9 est similaire \u00e0 celle de Premium, sauf qu&rsquo;elle ne garantit pas toujours l&rsquo;affichage du cli. Ce type de service est recommand\u00e9 pour les grossistes qui cherchent la stabilit\u00e9 des lignes \u00e0 prix comp\u00e9titif.[\/vc_column_text][\/vc_tta_section][vc_tta_section title=\u00a0\u00bbQualit\u00e9 Premium\u00a0\u00bb tab_id=\u00a0\u00bb1542627578697-86ade13d-9029&Prime;][vc_column_text]Lignes directes 100% cli vers n&rsquo;importe quel endroit du monde. Ces lignes sont contr\u00f4l\u00e9es gr\u00e2ce \u00e0 un software de d\u00e9tection de cli pour garantir le profil des lignes offert \u00e0 chaque moment.[\/vc_column_text][\/vc_tta_section][\/vc_tta_tabs][\/vc_column][\/vc_row][vc_row full_width=\u00a0\u00bbstretch_row_content\u00a0\u00bb css=\u00a0\u00bb.vc_custom_1542044268213{background-position: center !important;background-repeat: no-repeat !important;background-size: contain !important;}\u00a0\u00bb][vc_column css=\u00a0\u00bb.vc_custom_1542044279391{background-position: center !important;background-repeat: no-repeat !important;background-size: cover !important;}\u00a0\u00bb]<div class=\"vcex-module vcex-divider vcex-divider-solid\" style=\"border-color:#62bd1a;\"><\/div>[\/vc_column][\/vc_row][vc_row][vc_column width=\u00a0\u00bb1\/4&Prime;]<div class=\"vcex-spacing\" style=\"height:80px\"><\/div><div class=\"vcex-module vcex-heading vcex-heading-bottom-border-w-color  wpb_animate_when_almost_visible wpb_fadeIn fadeIn\" style=\"color:#000000;font-family:Titillium Web;font-size:30px;font-weight:600;text-align:center;line-height:1.1;\"><span class=\"vcex-heading-inner clr\">Une pr\u00e9sence mondiale avec nos partenaires.<\/span><\/div>[\/vc_column][vc_column width=\u00a0\u00bb3\/4&Prime;]<div class=\"vcex-spacing\" style=\"height:30px\"><\/div>[vc_single_image image=\u00a0\u00bb2444&Prime;][\/vc_column][\/vc_row][vc_row full_width=\u00a0\u00bbstretch_row_content\u00a0\u00bb css=\u00a0\u00bb.vc_custom_1542044268213{background-position: center !important;background-repeat: no-repeat !important;background-size: contain !important;}\u00a0\u00bb][vc_column css=\u00a0\u00bb.vc_custom_1542044279391{background-position: center !important;background-repeat: no-repeat !important;background-size: cover !important;}\u00a0\u00bb]<div class=\"vcex-module vcex-divider vcex-divider-solid\" style=\"border-color:#000000;\"><\/div>[\/vc_column][\/vc_row][vc_row full_width=\u00a0\u00bbstretch_row_content_no_spaces\u00a0\u00bb][vc_column]<div class=\"vcex-spacing\" style=\"height:20px\"><\/div><div class=\"vcex-module vcex-heading vcex-heading-plain\" style=\"color:#62bd1a;font-family:Titillium Web;font-size:36px;font-weight:600;text-align:center;\"><span class=\"vcex-heading-inner clr\">Comment green vous permet de payer moins cher vos communications<\/span><\/div><div class=\"vcex-spacing\" style=\"height:20px\"><\/div>[\/vc_column][\/vc_row][vc_row][vc_column width=\u00a0\u00bb1\/2&Prime;][vc_single_image image=\u00a0\u00bb2544&Prime;]<div class=\"vcex-spacing\" style=\"height:20px\"><\/div>[\/vc_column][vc_column width=\u00a0\u00bb1\/2&Prime;][vc_single_image image=\u00a0\u00bb2547&Prime;]<div class=\"vcex-spacing\" style=\"height:20px\"><\/div>[\/vc_column][\/vc_row][vc_row full_width=\u00a0\u00bbstretch_row_content\u00a0\u00bb tablet_fullwidth_cols=\u00a0\u00bb\u00a0\u00bb columns_right=\u00a0\u00bb\u00a0\u00bb offset_overlay_header=\u00a0\u00bb\u00a0\u00bb css=\u00a0\u00bb.vc_custom_1542043099542{background-color: #62bd1a !important;}\u00a0\u00bb][vc_column css=\u00a0\u00bb.vc_custom_1542043078815{background-color: #62bd1a !important;background-position: center !important;background-repeat: no-repeat !important;background-size: cover !important;}\u00a0\u00bb][vc_empty_space height=\u00a0\u00bb\u00a0\u00bb][\/vc_column][\/vc_row][vc_row css_animation=\u00a0\u00bbfadeIn\u00a0\u00bb][\/vc_row]\n","protected":false},"excerpt":{"rendered":"<p>[vc_row full_width=\u00a0\u00bbstretch_row\u00a0\u00bb parallax=\u00a0\u00bbcontent-moving\u00a0\u00bb][vc_column width=\u00a0\u00bb1\/2&Prime;][vc_column_text]Green fournit des interconnexions Voip offrant la possibilit\u00e9 de combiner diff\u00e9rentes options de routage et de tarification, ainsi que des solutions personnalis\u00e9es pour chaque entreprise,\u00e0 la fois pour le commerce de Retail et pour Wholesale.[\/vc_column_text][vc_column_text]Les combinaisons de&hellip;<\/p>\n","protected":false},"author":4,"featured_media":0,"parent":0,"menu_order":0,"comment_status":"closed","ping_status":"closed","template":"","meta":[],"translation":{"provider":"WPGlobus","version":"2.10.4","language":"fr","enabled_languages":["en","es","fr"],"languages":{"en":{"title":true,"content":true,"excerpt":false},"es":{"title":true,"content":true,"excerpt":false},"fr":{"title":true,"content":true,"excerpt":false}}},"_links":{"self":[{"href":"https:\/\/www.greenservicios.com\/fr\/wp-json\/wp\/v2\/pages\/359"}],"collection":[{"href":"https:\/\/www.greenservicios.com\/fr\/wp-json\/wp\/v2\/pages"}],"about":[{"href":"https:\/\/www.greenservicios.com\/fr\/wp-json\/wp\/v2\/types\/page"}],"author":[{"embeddable":true,"href":"https:\/\/www.greenservicios.com\/fr\/wp-json\/wp\/v2\/users\/4"}],"replies":[{"embeddable":true,"href":"https:\/\/www.greenservicios.com\/fr\/wp-json\/wp\/v2\/comments?post=359"}],"version-history":[{"count":80,"href":"https:\/\/www.greenservicios.com\/fr\/wp-json\/wp\/v2\/pages\/359\/revisions"}],"predecessor-version":[{"id":2795,"href":"https:\/\/www.greenservicios.com\/fr\/wp-json\/wp\/v2\/pages\/359\/revisions\/2795"}],"wp:attachment":[{"href":"https:\/\/www.greenservicios.com\/fr\/wp-json\/wp\/v2\/media?parent=359"}],"curies":[{"name":"wp","href":"https:\/\/api.w.org\/{rel}","templated":true}]}}