
{"id":2815,"date":"2019-11-28T12:45:48","date_gmt":"2019-11-28T12:45:48","guid":{"rendered":"http:\/\/www.greenservicios.com\/?page_id=2815"},"modified":"2019-11-28T16:08:40","modified_gmt":"2019-11-28T16:08:40","slug":"politica-de-cookies","status":"publish","type":"page","link":"https:\/\/www.greenservicios.com\/fr\/politica-de-cookies\/","title":{"rendered":"POLITIQUE DE COOKIES"},"content":{"rendered":"\n<p>Ce site utilise des cookies pour am\u00e9liorer l&rsquo;exp\u00e9rience de l&rsquo;utilisateur.&nbsp;Vous trouverez ci-dessous des informations sur les cookies, le type de cookies utilis\u00e9s sur cette page, les moyens de d\u00e9sactiver les cookies sur votre navigateur et les moyens de d\u00e9sactiver l&rsquo;installation de cookies tiers.&nbsp;Si vous ne trouvez pas les informations sp\u00e9cifiques que vous recherchez, veuillez envoyer un courrier \u00e9lectronique \u00e0 mperez@greenservicios.com<\/p>\n\n\n\n<p><strong>CONTEXTE<\/strong><\/p>\n\n\n\n<p>Conform\u00e9ment \u00e0 la r\u00e9glementation espagnole r\u00e9gissant l&rsquo;utilisation de cookies dans le cadre de la fourniture de services de communications \u00e9lectroniques, incluse dans le d\u00e9cret royal 13\/2012 du 30 mars, nous vous informons des cookies utilis\u00e9s sur le&nbsp;&nbsp;&nbsp;site Web&nbsp;&nbsp;<strong>GREEN SERVICIOS&nbsp;<\/strong><strong>2007, SL<\/strong>&nbsp;&nbsp;(\u00e9galement fournisseur) et la raison de son utilisation.&nbsp;Il vous informe \u00e9galement qu&rsquo;en naviguant sur le site Web, vous consentez \u00e0 leur utilisation.<\/p>\n\n\n\n<p><strong>QUELS SONT LES COOKIES?<\/strong><\/p>\n\n\n\n<p>Un cookie est un fichier t\u00e9l\u00e9charg\u00e9 sur votre ordinateur lors de l&rsquo;acc\u00e8s \u00e0 certaines pages Web.&nbsp;Les cookies permettent entre autres \u00e0 une page Web de stocker et de r\u00e9cup\u00e9rer des informations sur les habitudes de navigation d\u2019un utilisateur ou de son \u00e9quipement et, en fonction des informations qu\u2019ils contiennent et de la mani\u00e8re dont ils utilisent leur \u00e9quipement, de les utiliser pour les reconna\u00eetre.&nbsp;Les cookies sont uniquement associ\u00e9s \u00e0 un utilisateur anonyme et \u00e0 son ordinateur ou appareil. Ils ne fournissent pas de r\u00e9f\u00e9rences permettant de conna\u00eetre leurs donn\u00e9es personnelles.<\/p>\n\n\n\n<p><strong>COOKIES AFFECT\u00c9S PAR LE R\u00c8GLEMENT ET COOKIES EXEMPT\u00c9S<\/strong><\/p>\n\n\n\n<p>Selon la directive de l&rsquo;UE, les cookies qui requi\u00e8rent un consentement \u00e9clair\u00e9 de l&rsquo;utilisateur sont des cookies d&rsquo;analyse, de publicit\u00e9 et d&rsquo;affiliation, \u00e0 l&rsquo;exception de ceux de nature technique et ceux n\u00e9cessaires au fonctionnement du site Web ou \u00e0 la fourniture de services express\u00e9ment demand\u00e9s par l&rsquo;utilisateur.<\/p>\n\n\n\n<p><strong>TYPES DE COOKIES<\/strong><\/p>\n\n\n\n<p>a) Selon l&rsquo;&nbsp;&nbsp;<strong>entit\u00e9<\/strong>&nbsp;&nbsp;qui les g\u00e8re, il existe des&nbsp;&nbsp;<strong>cookies propres<\/strong>&nbsp;&nbsp;(ceux qui sont envoy\u00e9s \u00e0 l&rsquo;\u00e9quipement terminal de l&rsquo;utilisateur \u00e0 partir d&rsquo;un ordinateur ou d&rsquo;un domaine g\u00e9r\u00e9 par l&rsquo;\u00e9diteur lui-m\u00eame et \u00e0 partir duquel le service demand\u00e9 par l&rsquo;utilisateur est fourni) et&nbsp;&nbsp;<strong>de tiers<\/strong>&nbsp;&nbsp;(les qui sont envoy\u00e9s \u00e0 l&rsquo;\u00e9quipement terminal de l&rsquo;utilisateur depuis un ordinateur ou un domaine qui n&rsquo;est pas g\u00e9r\u00e9 par l&rsquo;\u00e9diteur, mais par une autre entit\u00e9 qui traite les donn\u00e9es obtenues par le biais de cookies).<\/p>\n\n\n\n<p>b) Selon la&nbsp;&nbsp;<strong>dur\u00e9e pendant laquelle<\/strong>&nbsp;&nbsp;ils restent actifs, il existe&nbsp;&nbsp;<strong>des sessions<\/strong>&nbsp;&nbsp;(con\u00e7ues pour collecter et stocker des donn\u00e9es lorsque l&rsquo;utilisateur acc\u00e8de \u00e0 une page Web) et&nbsp;&nbsp;<strong>des donn\u00e9es persistantes<\/strong>&nbsp;&nbsp;(dans lesquelles les donn\u00e9es sont stock\u00e9es dans le terminal et peuvent \u00eatre consult\u00e9es et trait\u00e9es pendant une p\u00e9riode donn\u00e9e). d\u00e9fini par la personne responsable du cookie -peut aller de quelques minutes \u00e0 plusieurs ann\u00e9es-).<\/p>\n\n\n\n<p>c) En fonction de la&nbsp;&nbsp;<strong>finalit\u00e9<\/strong>&nbsp;&nbsp;pour laquelle ils traitent les informations recueillies, ils peuvent \u00eatre:<\/p>\n\n\n\n<p>&#8211;&nbsp;&nbsp;<strong>Cookies techniques<\/strong>&nbsp;&nbsp;(n\u00e9cessaires \u00e0 l&rsquo;utilisation du site Web et \u00e0 la fourniture du service sous-trait\u00e9),<\/p>\n\n\n\n<p>&#8211;&nbsp;&nbsp;<strong>Cookies de personnalisation<\/strong>&nbsp;&nbsp;(qui permettent \u00e0 l&rsquo;utilisateur d&rsquo;acc\u00e9der au service avec des fonctionnalit\u00e9s pr\u00e9d\u00e9finies, telles que la langue, le type de navigateur, les param\u00e8tres r\u00e9gionaux, etc.)<\/p>\n\n\n\n<p>&#8211; des&nbsp;&nbsp;<strong>cookies d&rsquo;analyse<\/strong>&nbsp;&nbsp;(collectent des informations sur l&rsquo;utilisation du site),<\/p>\n\n\n\n<p>&#8211; les&nbsp;&nbsp;<strong>cookies publicitaires<\/strong>&nbsp;&nbsp;(collectent des informations sur les pr\u00e9f\u00e9rences et les choix personnels des utilisateurs),<\/p>\n\n\n\n<p>&#8211;&nbsp;&nbsp;<strong>Les cookies d&rsquo;affiliation<\/strong>&nbsp;&nbsp;(vous permettent de suivre les visites d&rsquo;autres sites Web avec lesquels le site \u00e9tablit un contrat d&rsquo;affiliation).<\/p>\n\n\n\n<p><strong>TYPES DE COOKIES UTILIS\u00c9S PAR CE SITE WEB<\/strong><\/p>\n\n\n\n<p>Les cookies utilis\u00e9s sur notre site Web sont des sessions et des tiers. Ils nous permettent de stocker et d\u2019acc\u00e9der aux informations relatives \u00e0 la langue, au type de navigateur utilis\u00e9 et \u00e0 d\u2019autres caract\u00e9ristiques g\u00e9n\u00e9rales pr\u00e9d\u00e9finies par l\u2019utilisateur, ainsi qu\u2019au suivi et \u00e0 l\u2019analyse de l\u2019activit\u00e9 qui les m\u00e8ne. am\u00e9liorer et fournir nos services de mani\u00e8re plus efficace et personnalis\u00e9e.&nbsp;Les cookies utilis\u00e9s sont, dans tous les cas, temporaires, dans le seul but de rendre la navigation plus efficace.&nbsp;En aucun cas, ces cookies ne fournissent des donn\u00e9es personnelles et ne sont pas utilis\u00e9s pour les collecter.<\/p>\n\n\n\n<p>L&rsquo;utilisation de cookies offre des avantages tels que:<\/p>\n\n\n\n<p>&#8211; Il facilite la navigation de l&rsquo;utilisateur et l&rsquo;acc\u00e8s aux diff\u00e9rents services offerts par ce site.<\/p>\n\n\n\n<p>&#8211; \u00e9vite \u00e0 l&rsquo;utilisateur de devoir configurer les caract\u00e9ristiques g\u00e9n\u00e9rales pr\u00e9d\u00e9finies chaque fois qu&rsquo;il acc\u00e8de au site Web;&nbsp;et<\/p>\n\n\n\n<p>&#8211; Il favorise l&rsquo;am\u00e9lioration du fonctionnement et des services fournis via ce site Web, apr\u00e8s l&rsquo;analyse correspondante des informations obtenues via les cookies install\u00e9s.<\/p>\n\n\n\n<p>En acc\u00e9dant \u00e0 notre site Web, vous \u00eates inform\u00e9 que, si vous continuez \u00e0 naviguer sur votre ordinateur, vous allez installer divers cookies tiers, ce qui vous autorise \u00e0 installer certains cookies dont le seul but est d\u2019enregistrer l\u2019acc\u00e8s \u00e0 notre site Web pour la r\u00e9alisation de statistiques anonymes. visites, toujours collecter des informations anonymement.&nbsp;Vous n&rsquo;avez pas besoin d&rsquo;accepter l&rsquo;installation de ces cookies, vous pouvez \u00e9galement parcourir l&rsquo;int\u00e9gralit\u00e9 de notre site web.<\/p>\n\n\n\n<p>Des cookies de r\u00e9seaux sociaux peuvent \u00eatre install\u00e9s dans diff\u00e9rentes sections de notre site Web, notamment:<\/p>\n\n\n\n<p>\u2022 Le cookie Twitter, comme pr\u00e9vu dans sa politique de confidentialit\u00e9 et l\u2019utilisation des cookies.<\/p>\n\n\n\n<p>\u2022 Cookie Facebook, comme indiqu\u00e9 dans sa politique en mati\u00e8re de cookies.<\/p>\n\n\n\n<p>\u2022 Cookie Linkedin, comme indiqu\u00e9 sur la page relative \u00e0 l\u2019utilisation des cookies.<\/p>\n\n\n\n<p>\u2022 Cookie de Google et Google Maps, comme indiqu\u00e9 sur leur page, indiquant le type de cookies qu\u2019ils utilisent.<\/p>\n\n\n\n<figure class=\"wp-block-table\"><table class=\"\"><tbody><tr><td>&nbsp;Pr\u00e9nom<\/td><td>&nbsp;Type<\/td><td>&nbsp;Expiration<\/td><td>&nbsp;Objectif<\/td><td>&nbsp;Classe<\/td><\/tr><tr><td>&nbsp;wordpress_test_cookie<\/td><td>Site<\/td><td>&nbsp;\u00c0 la fin de la session de navigation<\/td><td>WordPress utilise ces cookies pour personnaliser l&rsquo;interface utilisateur.<\/td><td>&nbsp;Site<\/td><\/tr><tr><td>&nbsp;wp-settings-1<\/td><td>Site<\/td><td>Annuel<\/td><td>WordPress utilise ces cookies pour personnaliser l&rsquo;interface utilisateur.<\/td><td>&nbsp;Site<\/td><\/tr><tr><td>&nbsp;wp-settings-time-1<\/td><td>Site<\/td><td>Annuel<\/td><td>WordPress utilise ces cookies pour personnaliser l&rsquo;interface utilisateur.<\/td><td>&nbsp;Site<\/td><\/tr><tr><td>&nbsp;wpglobus-language<\/td><td>&nbsp;&nbsp;Site<\/td><td>&nbsp;Annuel<\/td><td>Cookies de session pour permettre une consultation multilingue<\/td><td>&nbsp;Site<\/td><\/tr><tr><td>wpglobus-language-old<\/td><td>Site<\/td><td>Annuel<\/td><td>Cookies de session pour permettre une consultation multilingue<\/td><td>Site<\/td><\/tr><tr><td>_ID de session<\/td><td>Site<\/td><td>\u00c0 la fin de la session de navigation<\/td><td>Maintenance de session utilisateur.<\/td><td>Site<\/td><\/tr><\/tbody><\/table><\/figure>\n\n\n\n<p><strong>R\u00c9VOCATION<\/strong><\/p>\n\n\n\n<p>Vous pouvez \u00e0 tout moment acc\u00e9der \u00e0 la configuration de votre navigateur en acceptant ou en refusant tous les cookies, ou s\u00e9lectionner ceux dont l&rsquo;installation prend en charge et qui ne le font pas, en suivant l&rsquo;une des proc\u00e9dures suivantes, qui d\u00e9pend du navigateur que vous utilisez:<\/p>\n\n\n\n<p><strong>Google Chrome<\/strong>&nbsp;&nbsp;(dans le menu Outils):<\/p>\n\n\n\n<p>Param\u00e8tres&gt; Afficher les options avanc\u00e9es&gt; Confidentialit\u00e9 (param\u00e8tres de contenu)&gt; Cookies: https:\/\/support.google.com\/chrome\/answer\/95647?co=GENIE.Platform%3DDesktopandhl=fr.<\/p>\n\n\n\n<p><strong>Microsoft Internet Explorer<\/strong>&nbsp;&nbsp;(dans le menu Outils):<\/p>\n\n\n\n<p>Options Internet&gt; Confidentialit\u00e9&gt; Avanc\u00e9e: https:\/\/support.microsoft.com\/es-es\/help\/17442\/windows-internet-explorer-delete-manage-cookies<\/p>\n\n\n\n<p><strong>Firefox:<\/strong><\/p>\n\n\n\n<p>Options&gt; Confidentialit\u00e9&gt; Cookies: https:\/\/support.mozilla.org\/es\/kb\/habilitar-y-deshabilitar-cookies-sitios-web-rastrear-preferences<\/p>\n\n\n\n<p><strong>Safari, iPad et iPhone:<\/strong><\/p>\n\n\n\n<p>Pr\u00e9f\u00e9rences&gt; Confidentialit\u00e9: https:\/\/support.apple.com\/kb\/ph21411?locale=es_ES<\/p>\n\n\n\n<p><strong>Op\u00e9ra:<\/strong><\/p>\n\n\n\n<p>Param\u00e8tres&gt; Options&gt; Avanc\u00e9&gt; Cookies: http:\/\/help.opera.com\/Windows\/12.00\/es-ES\/cookies.html<\/p>\n\n\n\n<p>Ces navigateurs sont sujets \u00e0 des mises \u00e0 jour ou des modifications, nous ne pouvons donc pas garantir qu&rsquo;ils sont enti\u00e8rement conformes \u00e0 la version de votre navigateur.&nbsp;Vous pouvez \u00e9galement utiliser un autre navigateur non inclus dans ces liens, tels que Konqueror, Arora, Flock, etc. Pour \u00e9viter ces incoh\u00e9rences, vous pouvez acc\u00e9der directement aux options de votre navigateur, g\u00e9n\u00e9ralement dans le menu \u00ab\u00a0Options\u00a0\u00bb de la section \u00ab\u00a0Confidentialit\u00e9\u00a0\u00bb.&nbsp;(Veuillez consulter l&rsquo;aide de votre navigateur pour plus d&rsquo;informations).<\/p>\n\n\n\n<p><strong>D\u00c9SACTIVATION \/ ACTIVATION ET \u00c9LIMINATION DES COOKIES<\/strong><\/p>\n\n\n\n<p>Pour restreindre ou bloquer les cookies, cela se fait via les param\u00e8tres du navigateur.<\/p>\n\n\n\n<p>Si vous ne souhaitez pas que les sites Web installent des cookies sur votre ordinateur, vous pouvez adapter les param\u00e8tres de votre navigateur pour que vous en soyez averti avant l&rsquo;installation de cookies.&nbsp;De m\u00eame, vous pouvez adapter la configuration pour que le navigateur refuse tous les cookies, ou uniquement les cookies tiers.&nbsp;Vous pouvez \u00e9galement supprimer les cookies d\u00e9j\u00e0 pr\u00e9sents sur votre ordinateur.&nbsp;N&rsquo;oubliez pas que vous devrez adapter les param\u00e8tres de chaque navigateur et de chaque \u00e9quipement que vous utilisez s\u00e9par\u00e9ment.<\/p>\n\n\n\n<p>Veuillez noter que si vous ne souhaitez pas recevoir de cookies, nous ne serons plus en mesure de garantir le bon fonctionnement de notre site Web.&nbsp;Certaines fonctionnalit\u00e9s du site peuvent \u00eatre perdues et vous risquez de ne plus pouvoir voir certains sites Web.&nbsp;En outre, le rejet des cookies ne signifie pas que vous ne verrez plus de publicit\u00e9s.&nbsp;Les annonces ne correspondent tout simplement pas \u00e0 vos int\u00e9r\u00eats et seront r\u00e9p\u00e9t\u00e9es plus fr\u00e9quemment.<\/p>\n\n\n\n<p>Chaque navigateur utilise une m\u00e9thode diff\u00e9rente pour adapter la configuration.&nbsp;Si n\u00e9cessaire, consultez la fonction d&rsquo;aide du navigateur pour d\u00e9finir les param\u00e8tres appropri\u00e9s.<\/p>\n\n\n\n<p>Pour d\u00e9sactiver les cookies sur votre t\u00e9l\u00e9phone mobile, consultez le manuel de l&rsquo;appareil pour plus d&rsquo;informations.<\/p>\n\n\n\n<p>Vous pouvez obtenir plus d&rsquo;informations sur les cookies sur Internet, \u00e0 l&rsquo;adresse http:\/\/www.aboutcookies.org\/.<\/p>\n\n\n\n<p>Compte tenu du fonctionnement d&rsquo;Internet et des sites Web, nous ne disposons pas toujours d&rsquo;informations sur les cookies plac\u00e9s par des tiers via notre site Web.&nbsp;Cela s&rsquo;applique en particulier aux cas dans lesquels notre site Web contient ce que l&rsquo;on appelle des \u00e9l\u00e9ments int\u00e9gr\u00e9s: textes, documents, images ou courts m\u00e9trages qui sont stock\u00e9s ailleurs, mais affich\u00e9s sur notre site Web ou par son interm\u00e9diaire.<\/p>\n\n\n\n<p>Par cons\u00e9quent, si vous rencontrez ce type de cookies sur ce site Web et que vous ne vous trouvez pas dans la liste pr\u00e9c\u00e9dente, veuillez nous en informer.&nbsp;Ou contactez directement le tiers pour demander des informations sur les cookies que vous installez, le but et la dur\u00e9e du cookie, et sur la mani\u00e8re dont vous avez garanti votre vie priv\u00e9e.<\/p>\n","protected":false},"excerpt":{"rendered":"<p>Ce site utilise des cookies pour am\u00e9liorer l&rsquo;exp\u00e9rience de l&rsquo;utilisateur.&nbsp;Vous trouverez ci-dessous des informations sur les cookies, le type de cookies utilis\u00e9s sur cette page, les moyens de d\u00e9sactiver les cookies sur votre navigateur et les moyens de d\u00e9sactiver l&rsquo;installation&hellip;<\/p>\n","protected":false},"author":1,"featured_media":0,"parent":0,"menu_order":0,"comment_status":"closed","ping_status":"closed","template":"","meta":[],"translation":{"provider":"WPGlobus","version":"2.10.4","language":"fr","enabled_languages":["en","es","fr"],"languages":{"en":{"title":true,"content":true,"excerpt":false},"es":{"title":true,"content":true,"excerpt":false},"fr":{"title":true,"content":true,"excerpt":false}}},"_links":{"self":[{"href":"https:\/\/www.greenservicios.com\/fr\/wp-json\/wp\/v2\/pages\/2815"}],"collection":[{"href":"https:\/\/www.greenservicios.com\/fr\/wp-json\/wp\/v2\/pages"}],"about":[{"href":"https:\/\/www.greenservicios.com\/fr\/wp-json\/wp\/v2\/types\/page"}],"author":[{"embeddable":true,"href":"https:\/\/www.greenservicios.com\/fr\/wp-json\/wp\/v2\/users\/1"}],"replies":[{"embeddable":true,"href":"https:\/\/www.greenservicios.com\/fr\/wp-json\/wp\/v2\/comments?post=2815"}],"version-history":[{"count":5,"href":"https:\/\/www.greenservicios.com\/fr\/wp-json\/wp\/v2\/pages\/2815\/revisions"}],"predecessor-version":[{"id":2827,"href":"https:\/\/www.greenservicios.com\/fr\/wp-json\/wp\/v2\/pages\/2815\/revisions\/2827"}],"wp:attachment":[{"href":"https:\/\/www.greenservicios.com\/fr\/wp-json\/wp\/v2\/media?parent=2815"}],"curies":[{"name":"wp","href":"https:\/\/api.w.org\/{rel}","templated":true}]}}