
{"id":2811,"date":"2019-11-28T12:42:35","date_gmt":"2019-11-28T12:42:35","guid":{"rendered":"http:\/\/www.greenservicios.com\/?page_id=2811"},"modified":"2019-11-28T16:24:24","modified_gmt":"2019-11-28T16:24:24","slug":"aviso-legal","status":"publish","type":"page","link":"https:\/\/www.greenservicios.com\/fr\/aviso-legal\/","title":{"rendered":"AVIS JURIDIQUE"},"content":{"rendered":"\n<p>Voir plus de d\u00e9tails sur l&rsquo;article 10 au num\u00e9ro 34\/2002 des Serveurs de la Soci\u00e9t\u00e9 de l&rsquo;information et de la fabrication du mat\u00e9riel, des informations sur les utilisateurs:<\/p>\n\n\n\n<p>Denominaci\u00f3n Social: GREEN SERVICIOS 2007, SL<\/p>\n\n\n\n<p>Domicilio Social: EL TOMILLAR, 288, 29130 ALHAUR\u00cdN DE LA TORRE, (M\u00e1laga)<\/p>\n\n\n\n<p>NIF: B38897278<\/p>\n\n\n\n<p>Tel\u00e9fono: 648227242<\/p>\n\n\n\n<p>Courriel: mperez@greenservicios.com<\/p>\n\n\n\n<p>Site Web: www.greenservicios.com<\/p>\n\n\n\n<p><strong>1.- OBJETO<\/strong><\/p>\n\n\n\n<p><strong>GREEN SERVICIOS 2007, SL<\/strong>&nbsp;&nbsp;(en anglais, en anglais), responsable du site Web, fournit des informations sur le document actuel, disponible sur le site Web www.greenservicios.com, propose des solutions pour tous types de documents. Que disent-ils? 34\/2002, Servios de la Soci\u00e9t\u00e9 de l&rsquo;information et du commerce \u00e9lectronique (LSSICE ou LSSI), ainsi que des informations sur la situation de la bande vid\u00e9o (Web), ainsi que des informations de la feuille de route de la carte de visite.<\/p>\n\n\n\n<p>Travaillez sur le Web,&nbsp;&nbsp;<strong>GREEN SERVICIOS 2007,<\/strong>&nbsp;&nbsp;aidez-vous des utilisateurs et des utilisateurs de services de restauration et de gestion de contenu pour des applications web ou personnelles.<\/p>\n\n\n\n<p>Toutes les informations dont vous avez besoin sur notre site web, sur l&rsquo;acte d&rsquo;achat total, ainsi que sur les conditions d&rsquo;achat totales et les r\u00e9serves de ressources mat\u00e9rielles et juridiques ainsi que sur les avis juridiques, sont \u00e9galement acceptables, de m\u00eame que ce qui est pr\u00e9vu. de aplicaci\u00f3n.<\/p>\n\n\n\n<p>Dans les autres langues, cliquez ici pour consulter les avis des utilisateurs, cliquez ici pour consulter le site, cliquez sur le lien suivant pour afficher les options de modification du comportement du client, puis cliquez sur le lien ci-dessous. L&rsquo;obligation de pr\u00e9avis sur les consommateurs et les utilisateurs qui sont oblig\u00e9s de payer, si les conditions requises pour la publication et les conditions d&rsquo;utilisation sont affich\u00e9es.<\/p>\n\n\n\n<p><strong>2. CONDICIONES DE ACCESO Y USO DE LA WEB.<\/strong><\/p>\n\n\n\n<p><strong>2.1.&nbsp;Enregistrez-vous gratuitement pour acc\u00e9der au site Web.<\/strong><\/p>\n\n\n\n<p>La disponibilit\u00e9 de services pour le service de&nbsp;&nbsp;<strong>GREEN SERVICIOS 2007, SL est<\/strong>&nbsp;&nbsp;gratuite pour les utilisateurs.&nbsp;Pas d&rsquo;obstacle, algunos de los servicios suministrados by prestador to trav\u00e9s of the Web est un sujet de discussion sur les pr\u00e9cautions et les conditions g\u00e9n\u00e9rales de vente.<\/p>\n\n\n\n<p><strong>2.2.&nbsp;Registro de Usuario.<\/strong><\/p>\n\n\n\n<p>\u00c0 propos de la disponibilit\u00e9 g\u00e9n\u00e9rale des services ne n\u00e9cessite pas de d\u00e9claration pr\u00e9alable d&rsquo;enregistrement aupr\u00e8s de l&rsquo;utilisateur.&nbsp;Aun as\u00ed,&nbsp;&nbsp;<strong>GREEN SERVICIOS 2007, SL<\/strong>&nbsp;&nbsp;conduisent les informations sur les serveurs et les annonceurs en compl\u00e9ment de la correspondance des registres d\u2019enregistrement.&nbsp;Cet enregistrement est en train de passer \u00e0 la forme indiqu\u00e9e \u00e0 titre indicatif en passant par le mandat.<\/p>\n\n\n\n<p><strong>2.3.&nbsp;Veracidad de la informaci\u00f3n.<\/strong><\/p>\n\n\n\n<p>Lisez ce qui est facilit\u00e9 pour l&rsquo;utilisateur et pour l&rsquo;utilisateur.&nbsp;\u00c0 l&rsquo;heure actuelle, l&rsquo;utilisateur garantit l&rsquo;authenticit\u00e9 des informations sur les communications et des formulaires de pr\u00e9paration des commandes pour le service.&nbsp;Responsabilit\u00e9s de l&rsquo;utilisateur du syst\u00e8me d&rsquo;acc\u00e8s aux informations simplifi\u00e9es par un service apr\u00e8s-vente vert&nbsp;&nbsp;<strong>2007, SL sont actuellement<\/strong>&nbsp;&nbsp;mises \u00e0 jour, et nous en avons un moment, une situation r\u00e9elle.&nbsp;Dans la plupart des cas, l&rsquo;utilisateur doit \u00eatre responsable des manifestes, des erreurs inexactes, des faits r\u00e9els et des cons\u00e9quences n\u00e9gatives, ainsi que de la qualit\u00e9 de la t\u00e2che.<\/p>\n\n\n\n<p><strong>2.4.&nbsp;Menores de Edad.<\/strong><\/p>\n\n\n\n<p>Parlez-nous de vos obligations, vos menez vos affaires, devenez-les si vous en avez donn\u00e9 le consentement pr\u00e9alable de vos t\u00e9moins, tuteurs ou repr\u00e9sentants l\u00e9gaux, responsables de vos actes \u00e0 r\u00e9aliser par les meneurs.&nbsp;La responsabilit\u00e9 dans la d\u00e9termination des contenus concrets avec les commentaires des utilisateurs correspondant aux autres projets, \u00e9tant d\u00e9finie sur les informations dont vous avez besoin pour acc\u00e9der aux contenus Internet, toujours \u00e9tablie dans les menus correspondants, avec programme sp\u00e9cifique, filtr\u00e9, trait\u00e9, affich\u00e9 Permettez-nous de limiter les ressources disponibles, s\u00e9lectionnez un \u00e9l\u00e9ment infaillible, s\u00e9lectionnez une option de contr\u00f4le technique et de contr\u00f4le des ressources mat\u00e9rielles et des droits d&rsquo;acc\u00e8s.<\/p>\n\n\n\n<p><strong>2.5.&nbsp;Obligaci\u00f3n de hacer un correcto de la Web.<\/strong><\/p>\n\n\n\n<p>L&rsquo;utilisateur a choisi d&rsquo;utiliser le Web de conformit\u00e9 \u00e0 la loi et pr\u00e9sentement Aviso Legal, ainsi que la morale \u00e0 la port\u00e9e de tous.&nbsp;Vos effets, votre utilisation de votre page d&rsquo;accueil ou vos informations sur les interdictions, les taux de participation et les co\u00fbts de transaction, une utilisation du syst\u00e8me de protection des droits sur la qualit\u00e9 archives et cl\u00e9s de contenants pour ordinateurs portables dans les ordinateurs portables, sans frais.<\/p>\n\n\n\n<p>En particulier, il est indiqu\u00e9 \u00e0 titre indicatif, non exhaustif, mais il est \u00e9galement interdit de transmettre, de supprimer ou de supprimer une disposition d&rsquo;informations de d\u00e9tail, de donn\u00e9es, de contenu, d&rsquo;images, de donn\u00e9es, de donn\u00e9es de film, d&rsquo;images de film, d&rsquo;images, d&rsquo;images et de vid\u00e9os. , en g\u00e9n\u00e9ral, cualquier clase de material que:<\/p>\n\n\n\n<p>a) contraria de la mer, violation de la loi relative aux droits fondamentaux et libert\u00e9s publiques reconstituant la constitution, en mati\u00e8re de relations internationales et de normes normatives;<\/p>\n\n\n\n<p>b) induzca, incite o promueva actuaciones delictivas, d\u00e9nigrantes, difamatorias, violentes ou, en g\u00e9n\u00e9ral, oppos\u00e9es \u00e0 la morale, \u00e0 la morale et \u00e0 l&rsquo;ordre public;<\/p>\n\n\n\n<p>c) induzca, incite o promueva actuaciones, actitudes o pensamientos discriminatorios por raz\u00f3n de sexo, raza, religi\u00f3n, crencias, edad o condici\u00f3n;<\/p>\n\n\n\n<p>d) La mer est contrario al derecho al honor, \u00e0 la fois personnelle et famili\u00e8re \u00e0 la propia imagen de las personas;<\/p>\n\n\n\n<p>e) de cualquier manera perjudique the credibilidad del prestador o de terceros;&nbsp;y<\/p>\n\n\n\n<p>f) constituya publicidad il\u00edcita, enga\u00f1osa o desleal.<\/p>\n\n\n\n<p><strong>3.- EXCLUSI\u00d3N DE GARANT\u00cdAS Y RESPONSABILIDAD<\/strong><\/p>\n\n\n\n<p>Vous \u00eates ici pour consulter les informations sur les responsabilit\u00e9s qui figurent dans la liste des informations publi\u00e9es dans le site Web, si vous souhaitez obtenir des informations suppl\u00e9mentaires ou \u00e0 pr\u00e9sent.<\/p>\n\n\n\n<p>Esta web ha sido revisada and probada para que funcione correctamente&nbsp;En principe, nous vous garantissons que le service est disponible 365 jours par semaine.&nbsp;Aucun frais de r\u00e9servation, aucune description n&rsquo;est disponible pour le moment, le choix de programme, ainsi que les autres causes pour le maire, les m\u00e9dias naturels, les m\u00e9dias sociaux, les m\u00e9dias impossibles \u00e0 acc\u00e9der \u00e9loign\u00e9 \u00e0 la toile.<\/p>\n\n\n\n<p><strong>GREEN SERVICIOS 2007, SL<\/strong>&nbsp;&nbsp;n&rsquo;est pas responsable, mais il est responsable, en ce qui concerne les actions et les avantages sociaux pour les personnes physiques ou physiques, mais il y a lieu de noter que le contenu de ce site est en ordre. ;&nbsp;de l&rsquo;existence des virus, des programmes malins ou les moins connus;&nbsp;des utilisateurs il\u00edcito, n\u00e9gligent, frauduleux ou contrariant \u00e0 la connaissance Avis juridique et conditions de service;&nbsp;Cliquez sur le lien suivant pour en savoir plus sur les conditions de vente, de r\u00e9servation, de disponibilit\u00e9, de disponibilit\u00e9 et de disponibilit\u00e9 des services prest\u00e9s par les op\u00e9rateurs et les utilisateurs du syst\u00e8me, ainsi que pour les fonctionnalit\u00e9s du site.<\/p>\n\n\n\n<p>Le pr\u00e9sident est responsable de la conception du concept des ordinateurs que nous avons mis en vente sur le Web ou des sites Web.<\/p>\n\n\n\n<p><strong>4.- COOKIES<\/strong><\/p>\n\n\n\n<p>Le site Web du client utilise des cookies (informations archiv\u00e9es comme un serviteur ou un administrateur qui acc\u00e8de \u00e0 la page suivante) pour plus de d\u00e9tails et dont le contenu est consid\u00e9r\u00e9 comme imparable par la suite.&nbsp;Tous les cookies sont utilis\u00e9s, en plus des informations sur le comportement, la d\u00e9finition finale de la dur\u00e9e de validit\u00e9 de la copie, et la d\u00e9finition de la dur\u00e9e de vie.<\/p>\n\n\n\n<p>Si vous utilisez des cookies, vous enregistrez des informations personnelles.&nbsp;En savoir plus sur ce sujet dans la politique des cookies.<\/p>\n\n\n\n<p><strong>5.- ENLACES (LIENS)<\/strong><\/p>\n\n\n\n<p>Il est possible de cr\u00e9er un site Web contenant des sites Web.&nbsp;V\u00e9rifiez que les sites Web ne sont pas contr\u00f4l\u00e9s, mais que tous les autres types de produit, Serveurs verts&nbsp;&nbsp;<strong>2007, SL<\/strong>&nbsp;&nbsp;ne comportent aucune indication de responsabilit\u00e9.&nbsp;Dans la plupart des cas, il s\u2019agit de la proclamation de la retraite, de la publicit\u00e9, du contenu et de la qualit\u00e9 de l\u2019enregistrement, ainsi que de la transparence de la l\u00e9gislation nationale, de la morale ou de l\u2019ordre public, de la procuration et de la suppression de la publicit\u00e9 sur le Web. Les autorites competentes el contenido en cuesti\u00f3n.<\/p>\n\n\n\n<p>Vous \u00eates le premier \u00e0 en savoir plus sur les contenus, les discussions, les forums, les discussions, les discussions, les blogs, les blogs, les blogs, les groupes de discussion, les blogs, les forums de discussion, les blogs, les blogs, les blogs, les blogs, les blogues prestador.&nbsp;Sin embargo y cumplimiento de lo dispone el art&nbsp;11 et 16 de la LSSICE, il est pr\u00e9vu une disposition des t\u00e2ches, des autorisations et des r\u00e8gles de s\u00e9curit\u00e9, et une strat\u00e9gie de mise en forme et une gestion de la qualit\u00e9 de la mer, ainsi que la d\u00e9finition de la dur\u00e9e de vie de la balle, l\u00e9gislaci\u00f3n nacional, o internacional, derechos de terceros de la morale et de l&rsquo;ordre public.&nbsp;Dans le cas o\u00f9 l&rsquo;utilisateur consid\u00e8re qu&rsquo;il existe d\u00e9j\u00e0, il contient des r\u00e9ponses qui pourraient \u00eatre modifi\u00e9es,<\/p>\n\n\n\n<p><strong>6.- PROTECCI\u00d3N DE DATOS PERSONALES<\/strong><\/p>\n\n\n\n<p>Vous \u00eates ici pour en savoir plus sur le contenu et la s\u00e9curit\u00e9 de vos donn\u00e9es personnelles et de votre carte de fid\u00e9lit\u00e9, puis sur le contenu de votre article: datos.&nbsp;Par m\u00e1s informaci\u00f3n, voir notre politique de confidentialit\u00e9.<\/p>\n\n\n\n<p><strong>7.- REDES SOCIALES<\/strong><\/p>\n\n\n\n<p>Les informations sur&nbsp;&nbsp;<strong>GREEN SERVICIOS 2007, SL sont disponibles dans les cat\u00e9gories<\/strong>&nbsp;&nbsp;sociales.&nbsp;Le livre des donn\u00e9es sur les utilisateurs (dont les num\u00e9ros sont affich\u00e9s sur le tableau ci-dessous) est en cours de cr\u00e9ation (y compris les conditions de travail), ainsi que les conditions de travail et les conditions de conduite de cet appartement Conditions d&rsquo;utilisation et les normes d&rsquo;acc\u00e8s et d&rsquo;utilisation des contenus de la soci\u00e9t\u00e9 en mati\u00e8re de droits d&rsquo;auteur et de cartes de visite.&nbsp;<strong>GREEN SERVICIOS 2007,<\/strong>&nbsp;&nbsp;Fournissez les informations sur les activit\u00e9s, les produits et services de vos employ\u00e9s en d\u00e9placement social, ainsi que les informations sur les normes de la soci\u00e9t\u00e9 sociale, qui sont autoris\u00e9es \u00e0 agir de mani\u00e8re responsable. sus pol\u00edticas de privacidad.<\/p>\n\n\n\n<p>Queda prohibida la publication de contenidos:<\/p>\n\n\n\n<p>&#8211; Actuarisation il y a peu de temps pour la normalisation nationale, des initiatives internationales ou des activit\u00e9s concr\u00e8tes pour la pr\u00e9vention des infractions ou des infractions graves.<\/p>\n\n\n\n<p>&#8211; Que faire contre les principes fondamentaux des personnes, contre la cort\u00e8ge et le rouge, sur l&rsquo;opinion g\u00e9n\u00e9rale, sur les opinions g\u00e9n\u00e9rales n\u00e9gatives et les pratiques actuelles en mati\u00e8re de s\u00e9curit\u00e9, de s\u00e9curit\u00e9 et de d\u00e9fense des droits de l&rsquo;homme, ce qui est&nbsp;&nbsp;<strong>GREEN SERVICIOS 2007,<\/strong>&nbsp;&nbsp;pas plus tard.<\/p>\n\n\n\n<p>&#8211; En g\u00e9n\u00e9ral, les obligations, les responsabilit\u00e9s, la protection de la dignit\u00e9 humaine, la protection de la vie priv\u00e9e, la protection de la vie publique, la protection de la vie priv\u00e9e, la protection de la consommation, la protection de la consommation et la protection de la vie priv\u00e9e, la protection de la consommation et la protection de la vie priv\u00e9e.<\/p>\n\n\n\n<p>Asimismo,&nbsp;&nbsp;<strong>GREEN SERVICIOS 2007, SL<\/strong>&nbsp;&nbsp;se r\u00e9serve le poteau de retraite, annonce un site Web ou affiche un rapport social social qui contient des informations que nous ne consid\u00e9rons pas comme telles.<\/p>\n\n\n\n<p><strong>8. PROPIEDAD INTELECTUAL E INDUSTRIAL<\/strong><\/p>\n\n\n\n<p>Les sites Web, les programmes, les programmes, la composition et les \u00e9l\u00e9ments de base n\u00e9cessaires \u00e0 la cr\u00e9ation, les changements de couleur, les textos, les images, les images, les images, les couleurs, les couleurs, les couleurs, les couleurs, les couleurs, les couleurs, les couleurs, les couleurs, les notes, les couleurs, les couleurs, les notes, les couleurs, les couleurs, les notes, les notes, les couleurs, les couleurs, les couleurs, les notes, les mots, les images, les couleurs dispone de la licencia o autorizaci\u00f3n expresa por parte de los autores&nbsp;Tous les contenus du site Web sont affich\u00e9s et doivent \u00eatre conserv\u00e9s dans la norme de la propri\u00e9t\u00e9 intellectuelle et industrielle.<\/p>\n\n\n\n<p>Ind\u00e9pendamment de la fin de la prochaine destination, la reproduction totale ou partielle, la distribution et la communication publique de la demande d&rsquo;autorisation pr\u00e9alable pour la publication.&nbsp;Cualquier n&rsquo;est pas pr\u00e9c\u00e9d\u00e9 d&rsquo;une annonce effectu\u00e9e par un prestataire de services, mais il doit \u00eatre interpr\u00e9t\u00e9 comme une infraction grave de la propri\u00e9t\u00e9 intellectuelle ou industrielle de l&rsquo;auteur.<\/p>\n\n\n\n<p>Vos commentaires, logos, textes et tags sont d\u00e9j\u00e0 disponibles et peuvent \u00eatre consult\u00e9s et affich\u00e9s, tout en respectant les principes, en mati\u00e8re de politique, de communication, de politique, de politiques, de politiques, de m\u00e9dias, de m\u00e9dias, de m\u00e9dias, de m\u00e9dias, de m\u00e9dias, de m\u00e9dias et de m\u00e9dias.&nbsp;Dans la plupart des cas, vous devez \u00eatre s\u00fbr de pouvoir lire les commentaires et les conna\u00eetre par tous.<\/p>\n\n\n\n<p>Le pr\u00e9sident accepte les noms des personnes ayant des liens dans l&rsquo;industrie, l&rsquo;intellectuel, sans implication ni pr\u00e9cision dans le traitement de la page Web, des informations sur les responsabilit\u00e9s, les responsabilit\u00e9s, les responsabilit\u00e9s, les droits de la personne, des informations sur le comportement, des marques parte del mismo.<\/p>\n\n\n\n<p>R\u00e9alisez des conseils sur le respect des droits de la propri\u00e9t\u00e9 intellectuelle et industrielle, ainsi que sur les contenus de votre site Web, des informations sur les produits industriels et industriels, ainsi que sur les contenus de votre site, vous devez conna\u00eetre le nombre de personnes que vous avez choisi.<\/p>\n\n\n\n<p><strong>9.- APLICABLE ET JURISDICCI\u00d3N<\/strong><\/p>\n\n\n\n<p>Par la r\u00e9solution des conflits sur les relations avec la presse nationale et les activit\u00e9s associ\u00e9es aux activit\u00e9s, en vue de l\u2019application de la l\u00e9gislation espagnole, de l\u2019exercice des droits d\u2019auteur, du droit d\u2019auteur, du droit d&rsquo;auteur et du droit d&rsquo;auteur. con su uso los Juzgados y Tribunales de M\u00e1laga.<\/p>\n","protected":false},"excerpt":{"rendered":"<p>Voir plus de d\u00e9tails sur l&rsquo;article 10 au num\u00e9ro 34\/2002 des Serveurs de la Soci\u00e9t\u00e9 de l&rsquo;information et de la fabrication du mat\u00e9riel, des informations sur les utilisateurs: Denominaci\u00f3n Social: GREEN SERVICIOS 2007, SL Domicilio Social: EL TOMILLAR, 288, 29130&hellip;<\/p>\n","protected":false},"author":1,"featured_media":0,"parent":0,"menu_order":0,"comment_status":"closed","ping_status":"closed","template":"","meta":[],"translation":{"provider":"WPGlobus","version":"2.10.4","language":"fr","enabled_languages":["en","es","fr"],"languages":{"en":{"title":true,"content":true,"excerpt":false},"es":{"title":true,"content":true,"excerpt":false},"fr":{"title":true,"content":true,"excerpt":false}}},"_links":{"self":[{"href":"https:\/\/www.greenservicios.com\/fr\/wp-json\/wp\/v2\/pages\/2811"}],"collection":[{"href":"https:\/\/www.greenservicios.com\/fr\/wp-json\/wp\/v2\/pages"}],"about":[{"href":"https:\/\/www.greenservicios.com\/fr\/wp-json\/wp\/v2\/types\/page"}],"author":[{"embeddable":true,"href":"https:\/\/www.greenservicios.com\/fr\/wp-json\/wp\/v2\/users\/1"}],"replies":[{"embeddable":true,"href":"https:\/\/www.greenservicios.com\/fr\/wp-json\/wp\/v2\/comments?post=2811"}],"version-history":[{"count":5,"href":"https:\/\/www.greenservicios.com\/fr\/wp-json\/wp\/v2\/pages\/2811\/revisions"}],"predecessor-version":[{"id":2837,"href":"https:\/\/www.greenservicios.com\/fr\/wp-json\/wp\/v2\/pages\/2811\/revisions\/2837"}],"wp:attachment":[{"href":"https:\/\/www.greenservicios.com\/fr\/wp-json\/wp\/v2\/media?parent=2811"}],"curies":[{"name":"wp","href":"https:\/\/api.w.org\/{rel}","templated":true}]}}