
{"id":2023,"date":"2014-09-13T20:27:58","date_gmt":"2014-09-13T20:27:58","guid":{"rendered":"http:\/\/totaltheme.wpengine.com\/neat\/?page_id=357"},"modified":"2020-04-18T19:49:27","modified_gmt":"2020-04-18T19:49:27","slug":"about","status":"publish","type":"page","link":"https:\/\/www.greenservicios.com\/fr\/about\/","title":{"rendered":"L&rsquo;entreprise"},"content":{"rendered":"[vc_row][vc_column]<div class=\"vcex-module vcex-heading vcex-heading-plain\" style=\"font-family:Titillium Web;font-size:26px;font-weight:600;text-align:center;line-height:1.1;\"><span class=\"vcex-heading-inner clr\">Green Servicios, un op\u00e9rateur espagnol fond\u00e9 en 2007, avec une licence CNMC.<\/span><\/div>[\/vc_column][\/vc_row][vc_row full_width=\u00a0\u00bbstretch_row\u00a0\u00bb parallax=\u00a0\u00bbcontent-moving\u00a0\u00bb parallax_image=\u00a0\u00bb2232&Prime;][vc_column width=\u00a0\u00bb2\/6&Prime;]<div class=\"vcex-spacing\" style=\"height:60px\"><\/div><div class=\"vcex-module vcex-heading vcex-heading-plain\" style=\"font-family:Titillium Web;font-size:22px;font-weight:600;text-align:left;line-height:1.1;\"><span class=\"vcex-heading-inner clr\">Notre entreprise<\/span><\/div><div class=\"vcex-spacing\" style=\"height:30px\"><\/div>[vc_column_text]Green Servicios est un op\u00e9rateur espagnol fond\u00e9 en janvier 2007 et avec une licence <strong>CNMC<\/strong>.[\/vc_column_text]<div class=\"vcex-spacing\" style=\"height:10px\"><\/div>[vc_column_text]Depuis plus de treize ans, nous proposons des services de t\u00e9l\u00e9communications fixes et mobiles, d\u00e9di\u00e9s aux centres d\u2019appels et aux soci\u00e9t\u00e9s qui commercialisent des solutions globales pour les petites et moyennes entreprises ainsi que pour les grands comptes.[\/vc_column_text][\/vc_column][vc_column width=\u00a0\u00bb1\/6&Prime;]<div class=\"vcex-spacing\" style=\"height:150px\"><\/div>[vc_icon icon_fontawesome=\u00a0\u00bbfa fa-arrow-right\u00a0\u00bb color=\u00a0\u00bbcustom\u00a0\u00bb size=\u00a0\u00bbxl\u00a0\u00bb align=\u00a0\u00bbcenter\u00a0\u00bb css_animation=\u00a0\u00bbrotateInDownRight\u00a0\u00bb custom_color=\u00a0\u00bb#62bd1a\u00a0\u00bb][\/vc_column][vc_column css_animation=\u00a0\u00bbfadeInRight\u00a0\u00bb width=\u00a0\u00bb3\/6&Prime;]<div class=\"vcex-spacing\" style=\"height:50px\"><\/div><div data-percent=\"100&#37;\" class=\"vcex-module vcex-skillbar clr  disable-box-shadow\" style=\"font-size:13px;\"><div class=\"vcex-skillbar-title\" style=\"background:#62bd1a;\"><div class=\"vcex-skillbar-title-inner\"><span class=\"vcex-icon-wrap\"><span class=\"fa fa-caret-right\"><\/span><\/span>Gain: \u00c0 propos du prix de la communication.<\/div><\/div><div class=\"vcex-skillbar-bar\" style=\"background:#62bd1a;\"><\/div><\/div><div data-percent=\"100&#37;\" class=\"vcex-module vcex-skillbar clr  disable-box-shadow\" style=\"font-size:13px;\"><div class=\"vcex-skillbar-title\" style=\"background:#62bd1a;\"><div class=\"vcex-skillbar-title-inner\"><span class=\"vcex-icon-wrap\"><span class=\"fa fa-caret-right\"><\/span><\/span>R\u00e9activit\u00e9: Au service client.<\/div><\/div><div class=\"vcex-skillbar-bar\" style=\"background:#62bd1a;\"><\/div><\/div><div data-percent=\"100&#37;\" class=\"vcex-module vcex-skillbar clr  disable-box-shadow\" style=\"font-size:13px;\"><div class=\"vcex-skillbar-title\" style=\"background:#62bd1a;\"><div class=\"vcex-skillbar-title-inner\"><span class=\"vcex-icon-wrap\"><span class=\"fa fa-caret-right\"><\/span><\/span>Efficience: Sur la durabilit\u00e9 de notre association.<\/div><\/div><div class=\"vcex-skillbar-bar\" style=\"background:#62bd1a;\"><\/div><\/div><div data-percent=\"100&#37;\" class=\"vcex-module vcex-skillbar clr  disable-box-shadow\" style=\"font-size:13px;\"><div class=\"vcex-skillbar-title\" style=\"background:#62bd1a;\"><div class=\"vcex-skillbar-title-inner\"><span class=\"vcex-icon-wrap\"><span class=\"fa fa-caret-right\"><\/span><\/span>Engagement: A propos de la qualit\u00e9 de notre r\u00e9seau.<\/div><\/div><div class=\"vcex-skillbar-bar\" style=\"background:#62bd1a;\"><\/div><\/div><div data-percent=\"100&#37;\" class=\"vcex-module vcex-skillbar clr  disable-box-shadow\" style=\"font-size:13px;\"><div class=\"vcex-skillbar-title\" style=\"background:#62bd1a;\"><div class=\"vcex-skillbar-title-inner\"><span class=\"vcex-icon-wrap\"><span class=\"fa fa-caret-right\"><\/span><\/span>Nouveaut\u00e9: Sur les solutions de communication technologiques.<\/div><\/div><div class=\"vcex-skillbar-bar\" style=\"background:#62bd1a;\"><\/div><\/div><div class=\"vcex-spacing\" style=\"height:30px\"><\/div>[\/vc_column][\/vc_row][vc_row full_width=\u00a0\u00bbstretch_row\u00a0\u00bb css=\u00a0\u00bb.vc_custom_1489791934215{padding-top: 60px !important;padding-bottom: 20px !important;background-color: #f6f6f6 !important;}\u00a0\u00bb][vc_column width=\u00a0\u00bb1\/4&Prime;]<div class=\"vcex-module vcex-heading vcex-heading-plain\" style=\"font-family:Titillium Web;font-size:22px;font-weight:600;text-align:left;line-height:1.1;\"><span class=\"vcex-heading-inner clr\">Green Servicios<\/span><\/div><div class=\"vcex-spacing\" style=\"height:30px\"><\/div>[vc_single_image image=\u00a0\u00bb2277&Prime; img_size=\u00a0\u00bblarge\u00a0\u00bb alignment=\u00a0\u00bbcenter\u00a0\u00bb][\/vc_column][vc_column width=\u00a0\u00bb1\/4&Prime;]<div class=\"vcex-spacing\" style=\"height:50px\"><\/div><div class=\"vcex-module vcex-milestone clr vcex-animated-milestone\"><div class=\"vcex-milestone-inner\"><div class=\"vcex-milestone-desc\"><div class=\"vcex-milestone-number\" style=\"color:#000000;font-family:Titillium Web;\"><span class=\"vcex-milestone-time\" data-start-val=\"0\" data-end-val=\"13\" data-duration=\"2\" data-decimals=\"0\" data-separator=\",\" data-decimal=\".\">0<\/span><\/div><div class=\"vcex-milestone-caption\" style=\"font-family:Titillium Web;color:#000000;\"> ann\u00e9es d'existence<\/div><\/div><\/div><\/div>[\/vc_column][vc_column width=\u00a0\u00bb1\/4&Prime;]<div class=\"vcex-spacing\" style=\"height:50px\"><\/div><div class=\"vcex-module vcex-milestone clr vcex-animated-milestone\"><div class=\"vcex-milestone-inner\"><div class=\"vcex-milestone-desc\"><div class=\"vcex-milestone-number\" style=\"color:#000000;font-family:Titillium Web;\"><span class=\"vcex-milestone-time\" data-start-val=\"0\" data-end-val=\"3\" data-duration=\"2\" data-decimals=\"0\" data-separator=\",\" data-decimal=\".\">0<\/span><\/div><div class=\"vcex-milestone-caption\" style=\"font-family:Titillium Web;color:#000000;\"> Emplacements<\/div><\/div><\/div><\/div>[\/vc_column][vc_column width=\u00a0\u00bb1\/4&Prime;]<div class=\"vcex-spacing\" style=\"height:50px\"><\/div><div class=\"vcex-module vcex-milestone clr vcex-animated-milestone\"><div class=\"vcex-milestone-inner\"><div class=\"vcex-milestone-desc\"><div class=\"vcex-milestone-number\" style=\"color:#000000;font-family:Titillium Web;\"><span class=\"vcex-milestone-time\" data-start-val=\"0\" data-end-val=\"30\" data-duration=\"2\" data-decimals=\"0\" data-separator=\",\" data-decimal=\".\">0<\/span><\/div><div class=\"vcex-milestone-caption\" style=\"font-family:Titillium Web;color:#000000;\">Employ\u00e9s et collaborateurs<\/div><\/div><\/div><\/div>[\/vc_column][\/vc_row][vc_row full_width=\u00a0\u00bbstretch_row_content_no_spaces\u00a0\u00bb][vc_column][vc_empty_space css=\u00a0\u00bb.vc_custom_1542041867665{background-color: #62bd1a !important;background-position: center !important;background-repeat: no-repeat !important;background-size: cover !important;}\u00a0\u00bb][\/vc_column][\/vc_row]\n","protected":false},"excerpt":{"rendered":"<p>[vc_row][vc_column][\/vc_column][\/vc_row][vc_row full_width=\u00a0\u00bbstretch_row\u00a0\u00bb parallax=\u00a0\u00bbcontent-moving\u00a0\u00bb parallax_image=\u00a0\u00bb2232&Prime;][vc_column width=\u00a0\u00bb2\/6&Prime;][vc_column_text]Green Servicios est un op\u00e9rateur espagnol fond\u00e9 en janvier 2007 et avec une licence CNMC.[\/vc_column_text][vc_column_text]Depuis plus de treize ans, nous proposons des services de t\u00e9l\u00e9communications fixes et mobiles, d\u00e9di\u00e9s aux centres d\u2019appels et aux soci\u00e9t\u00e9s qui&hellip;<\/p>\n","protected":false},"author":4,"featured_media":0,"parent":0,"menu_order":0,"comment_status":"closed","ping_status":"closed","template":"","meta":[],"translation":{"provider":"WPGlobus","version":"2.10.4","language":"fr","enabled_languages":["en","es","fr"],"languages":{"en":{"title":true,"content":true,"excerpt":false},"es":{"title":true,"content":true,"excerpt":false},"fr":{"title":true,"content":true,"excerpt":false}}},"_links":{"self":[{"href":"https:\/\/www.greenservicios.com\/fr\/wp-json\/wp\/v2\/pages\/2023"}],"collection":[{"href":"https:\/\/www.greenservicios.com\/fr\/wp-json\/wp\/v2\/pages"}],"about":[{"href":"https:\/\/www.greenservicios.com\/fr\/wp-json\/wp\/v2\/types\/page"}],"author":[{"embeddable":true,"href":"https:\/\/www.greenservicios.com\/fr\/wp-json\/wp\/v2\/users\/4"}],"replies":[{"embeddable":true,"href":"https:\/\/www.greenservicios.com\/fr\/wp-json\/wp\/v2\/comments?post=2023"}],"version-history":[{"count":108,"href":"https:\/\/www.greenservicios.com\/fr\/wp-json\/wp\/v2\/pages\/2023\/revisions"}],"predecessor-version":[{"id":2852,"href":"https:\/\/www.greenservicios.com\/fr\/wp-json\/wp\/v2\/pages\/2023\/revisions\/2852"}],"wp:attachment":[{"href":"https:\/\/www.greenservicios.com\/fr\/wp-json\/wp\/v2\/media?parent=2023"}],"curies":[{"name":"wp","href":"https:\/\/api.w.org\/{rel}","templated":true}]}}