
{"id":2013,"date":"2014-09-07T22:27:18","date_gmt":"2014-09-07T22:27:18","guid":{"rendered":"http:\/\/wp.dev\/total-business-1\/?page_id=170"},"modified":"2018-12-03T17:41:19","modified_gmt":"2018-12-03T17:41:19","slug":"contact","status":"publish","type":"page","link":"https:\/\/www.greenservicios.com\/fr\/contact\/","title":{"rendered":"Contact"},"content":{"rendered":"[vc_row css=\u00a0\u00bb.vc_custom_1489792834457{padding-top: 20px !important;padding-bottom: 60px !important;}\u00a0\u00bb][vc_column]<div class=\"vcex-module vcex-heading vcex-heading-plain\" style=\"color:#000000;font-family:Titillium Web;font-size:22px;text-align:center;\"><span class=\"vcex-heading-inner clr\">Contactez-nous si vous souhaitez obtenir plus d'informations sur nos services.<\/span><\/div><div class=\"vcex-module vcex-divider vcex-divider-solid vcex-divider-w-icon\" style=\"width:100%;margin-top:20px;margin-bottom:20px;\"><div class=\"vcex-divider-icon\"><span class=\"vcex-divider-icon-before\" style=\"border-bottom-width:1px;\"><\/span><span class=\"vcex-icon-wrap\" style=\"font-size:20px;color:#000000;\"><span class=\"fa fa-envelope\"><\/span><\/span><span class=\"vcex-divider-icon-after\" style=\"border-bottom-width:1px;\"><\/span><\/div><\/div><div role=\"form\" class=\"wpcf7\" id=\"wpcf7-f2702-o1\" lang=\"en-US\" dir=\"ltr\">\n<div class=\"screen-reader-response\"><p role=\"status\" aria-live=\"polite\" aria-atomic=\"true\"><\/p> <ul><\/ul><\/div>\n<form action=\"\/fr\/wp-json\/wp\/v2\/pages\/2013#wpcf7-f2702-o1\" method=\"post\" class=\"wpcf7-form init\" novalidate=\"novalidate\" data-status=\"init\">\n<div style=\"display: none;\">\n<input type=\"hidden\" name=\"_wpcf7\" value=\"2702\" \/>\n<input type=\"hidden\" name=\"_wpcf7_version\" value=\"5.6.3\" \/>\n<input type=\"hidden\" name=\"_wpcf7_locale\" value=\"en_US\" \/>\n<input type=\"hidden\" name=\"_wpcf7_unit_tag\" value=\"wpcf7-f2702-o1\" \/>\n<input type=\"hidden\" name=\"_wpcf7_container_post\" value=\"0\" \/>\n<input type=\"hidden\" name=\"_wpcf7_posted_data_hash\" value=\"\" \/>\n<\/div>\n<div class=\"wpex-row clr\">\n<div class=\"span_1_of_2 col clr\"><span class=\"wpcf7-form-control-wrap\" data-name=\"your-name\"><input type=\"text\" name=\"your-name\" value=\"\" size=\"40\" class=\"wpcf7-form-control wpcf7-text wpcf7-validates-as-required\" aria-required=\"true\" aria-invalid=\"false\" placeholder=\"Nom\" \/><\/span><\/div>\n<div class=\"span_1_of_2 col clr\"><span class=\"wpcf7-form-control-wrap\" data-name=\"your-email\"><input type=\"email\" name=\"your-email\" value=\"\" size=\"40\" class=\"wpcf7-form-control wpcf7-text wpcf7-email wpcf7-validates-as-required wpcf7-validates-as-email\" aria-required=\"true\" aria-invalid=\"false\" placeholder=\"Mail\" \/><\/span><\/div>\n<\/div>\n<p><span class=\"wpcf7-form-control-wrap\" data-name=\"your-message\"><textarea name=\"your-message\" cols=\"40\" rows=\"10\" class=\"wpcf7-form-control wpcf7-textarea wpcf7-validates-as-required\" aria-required=\"true\" aria-invalid=\"false\" placeholder=\"Message...\"><\/textarea><\/span><input type=\"submit\" value=\"Envoyer\" class=\"wpcf7-form-control has-spinner wpcf7-submit\" \/><br \/>\n<span class=\"wpcf7-form-control-wrap\" data-name=\"acceptance-857\"><span class=\"wpcf7-form-control wpcf7-acceptance\"><span class=\"wpcf7-list-item\"><label><input type=\"checkbox\" name=\"acceptance-857\" value=\"1\" aria-invalid=\"false\" \/><span class=\"wpcf7-list-item-label\">La communication envoy\u00e9e sera int\u00e9gr\u00e9e \u00e0 un fichier pour lequel GREEN SERVICIOS 2007, S.L. est responsable. Cette communication sera utilis\u00e9e exclusivement pour traiter vos donn\u00e9es afin de r\u00e9pondre \u00e0 votre demande, toujours en conformit\u00e9 avec le r\u00e8glement (UE) 2016\/679 (GDPR), la loi organique espagnole 15\/1999 (LOPD) et le d\u00e9cret royal espagnol 1720\/2007 (du d\u00e9veloppement de la LOPD), sur la protection des donn\u00e9es \u00e0 caract\u00e8re personnel. Vos donn\u00e9es ne seront pas communiqu\u00e9es (partag\u00e9es avec) \u00e0 des tiers, sauf obligation l\u00e9gale, et seront conserv\u00e9es tant que vous ne demandez pas une annulation. Vous pouvez \u00e0 tout moment exercer les droits d'acc\u00e8s, de rectification, de portabilit\u00e9 et d'opposition ou, le cas \u00e9ch\u00e9ant, la limitation et \/ ou l'annulation du traitement, en le fournissant par \u00e9crit, en indiquant vos donn\u00e9es personnelles \u00e0 EL TOMILLAR, 288 29130, ALHAUR\u00cdN DE LA TORRE ou par courrier \u00e9lectronique \u00e0 mperez@greenservicios.com.<\/span><\/label><\/span><\/span><\/span><\/p>\n<div class=\"wpcf7-response-output\" aria-hidden=\"true\"><\/div><\/form><\/div>[\/vc_column][\/vc_row]\n","protected":false},"excerpt":{"rendered":"<p>[vc_row css=\u00a0\u00bb.vc_custom_1489792834457{padding-top: 20px !important;padding-bottom: 60px !important;}\u00a0\u00bb][vc_column][\/vc_column][\/vc_row]<\/p>\n","protected":false},"author":4,"featured_media":0,"parent":0,"menu_order":0,"comment_status":"closed","ping_status":"closed","template":"","meta":[],"translation":{"provider":"WPGlobus","version":"2.10.4","language":"fr","enabled_languages":["en","es","fr"],"languages":{"en":{"title":true,"content":true,"excerpt":false},"es":{"title":true,"content":true,"excerpt":false},"fr":{"title":true,"content":true,"excerpt":false}}},"_links":{"self":[{"href":"https:\/\/www.greenservicios.com\/fr\/wp-json\/wp\/v2\/pages\/2013"}],"collection":[{"href":"https:\/\/www.greenservicios.com\/fr\/wp-json\/wp\/v2\/pages"}],"about":[{"href":"https:\/\/www.greenservicios.com\/fr\/wp-json\/wp\/v2\/types\/page"}],"author":[{"embeddable":true,"href":"https:\/\/www.greenservicios.com\/fr\/wp-json\/wp\/v2\/users\/4"}],"replies":[{"embeddable":true,"href":"https:\/\/www.greenservicios.com\/fr\/wp-json\/wp\/v2\/comments?post=2013"}],"version-history":[{"count":17,"href":"https:\/\/www.greenservicios.com\/fr\/wp-json\/wp\/v2\/pages\/2013\/revisions"}],"predecessor-version":[{"id":2752,"href":"https:\/\/www.greenservicios.com\/fr\/wp-json\/wp\/v2\/pages\/2013\/revisions\/2752"}],"wp:attachment":[{"href":"https:\/\/www.greenservicios.com\/fr\/wp-json\/wp\/v2\/media?parent=2013"}],"curies":[{"name":"wp","href":"https:\/\/api.w.org\/{rel}","templated":true}]}}