
{"id":2011,"date":"2014-09-07T21:28:32","date_gmt":"2014-09-07T21:28:32","guid":{"rendered":"http:\/\/wp.dev\/total-business-1\/?page_id=106"},"modified":"2020-04-18T19:43:55","modified_gmt":"2020-04-18T19:43:55","slug":"home","status":"publish","type":"page","link":"https:\/\/www.greenservicios.com\/fr\/","title":{"rendered":"Accueil"},"content":{"rendered":"[vc_row full_width=\u00a0\u00bbstretch_row_content_no_spaces\u00a0\u00bb][vc_column][rev_slider_vc alias=\u00a0\u00bbgreen-home-fra\u00a0\u00bb][vc_empty_space height=\u00a0\u00bb30px\u00a0\u00bb css=\u00a0\u00bb.vc_custom_1542193625630{background-color: #000000 !important;}\u00a0\u00bb][vc_empty_space][\/vc_column][\/vc_row][vc_row column_spacing=\u00a0\u00bb40&Prime; center_row=\u00a0\u00bbyes\u00a0\u00bb padding_bottom=\u00a0\u00bb40px\u00a0\u00bb][vc_column width=\u00a0\u00bb1\/2&Prime;]<div class=\"vcex-module vcex-icon-box clr vcex-icon-box-one\" style=\"padding-left:60px;\"><a href=\"mailto:comercial@greenservicios.com\" title=\"Email\" class=\"vcex-icon-box-link\" target=\"_blank\"><div class=\"vcex-icon-box-icon\" style=\"color:#62bd1a;font-size:36px;\"><span class=\"fa fa-envelope\"><\/span><\/div><h2 class=\"vcex-icon-box-heading\" style=\"font-family:Titillium Web;font-weight:400;font-size:21px;\" >Email<\/h2><\/a><div class=\"vcex-icon-box-content clr\" ><p>Envoyez-nous un email et nous vous r\u00e9pondrons dans les meilleurs d\u00e9lais.<\/p>\n<\/div><\/div>[\/vc_column][vc_column width=\u00a0\u00bb1\/2&Prime;]<div class=\"vcex-module vcex-icon-box clr vcex-icon-box-one\" style=\"padding-left:60px;\"><a href=\"skype:Salesgreenservicios?chat\" title=\"Contact via Skype\" class=\"vcex-icon-box-link\" target=\"_blank\"><div class=\"vcex-icon-box-icon\" style=\"color:#62bd1a;font-size:36px;\"><span class=\"fa fa-skype\"><\/span><\/div><h2 class=\"vcex-icon-box-heading\" style=\"font-family:Titillium Web;font-weight:400;font-size:21px;\" >Contact via Skype<\/h2><\/a><div class=\"vcex-icon-box-content clr\" ><p>Adresse: Salesgreenservicios<\/p>\n<p>Si vous souhaitez plus d&rsquo;informations sur nos offres ou nos services, contactez-nous via Skype. Heures d&rsquo;assistance: du lundi au vendredi: de 9h00h \u00e0 18h00h.<\/p>\n<\/div><\/div>[\/vc_column][\/vc_row][vc_row full_width=\u00a0\u00bbstretch_row\u00a0\u00bb css=\u00a0\u00bb.vc_custom_1489791802685{padding-top: 50px !important;padding-bottom: 30px !important;background-color: #f6f6f6 !important;}\u00a0\u00bb][vc_column width=\u00a0\u00bb1\/2&Prime;]<div class=\"vcex-module vcex-heading vcex-heading-plain\" style=\"font-family:Titillium Web;font-size:21px;font-weight:600;line-height:1.1;\"><span class=\"vcex-heading-inner clr\">Green Servicios, un op\u00e9rateur espagnol fond\u00e9 en 2007, avec une licence CNMC.<\/span><\/div><div class=\"vcex-spacing\" style=\"height:20px\"><\/div>[vc_column_text]\n<p style=\"text-align: left;\">Green Servicios est un op\u00e9rateur espagnol fond\u00e9 en janvier 2007 et avec une licence CNMC.<\/p>\n<p style=\"text-align: left;\">Depuis plus de treize ans, nous proposons des services de t\u00e9l\u00e9communications fixes et mobiles, d\u00e9di\u00e9s aux centres d&rsquo;appels et aux soci\u00e9t\u00e9s qui commercialisent des solutions globales pour les petites et moyennes entreprises ainsi que pour les grands comptes.<\/p>\n[\/vc_column_text][\/vc_column][vc_column width=\u00a0\u00bb1\/2&Prime;]<div class=\"vcex-spacing\" style=\"height:10px\"><\/div>[vc_column_text]\n<p style=\"text-align: left;\">Gr\u00e2ce \u00e0 nos alliances avec les principaux op\u00e9rateurs, nous proposons \u00e0 nos clients:<\/p>\n<p><span style=\"color: #62bd1a;\"><strong>G<\/strong><\/span> &#8211; Gain<br \/>\n<strong><span style=\"color: #62bd1a;\">R<\/span><\/strong> &#8211; R\u00e9activit\u00e9<br \/>\n<strong><span style=\"color: #62bd1a;\">E<\/span><\/strong> &#8211; Efficience<br \/>\n<strong><span style=\"color: #62bd1a;\">E<\/span><\/strong> &#8211; Engagement<br \/>\n<strong><span style=\"color: #62bd1a;\">N<\/span><\/strong> &#8211; Nouveaut\u00e9[\/vc_column_text]<div class=\"vcex-spacing\" style=\"height:20px\"><\/div><div class=\"textcenter theme-button-wrap clr\"><a href=\"http:\/\/www.greenservicios.com\/fr\/about\/\" title=\"Get More Information\" class=\"vcex-button theme-button flat black align-center inline animate-on-hover wpex-data-hover\" style=\"background:#62bd1a;font-size:16px;font-weight:400;\" data-hover-background=\"#000000\"><span class=\"theme-button-inner\"> Obtenir plus d&rsquo;informations<span class=\"vcex-icon-wrap theme-button-icon-right\"><span class=\"fa fa-chevron-right\"><\/span><\/span><\/span><\/a><\/div> [\/vc_column][\/vc_row][vc_row full_width=\u00a0\u00bbstretch_row\u00a0\u00bb parallax=\u00a0\u00bbcontent-moving\u00a0\u00bb parallax_image=\u00a0\u00bb2133&Prime; parallax_speed_bg=\u00a0\u00bb3.0&Prime; css=\u00a0\u00bb.vc_custom_1541949717131{padding-top: 150px !important;padding-bottom: 110px !important;background-position: center;background-repeat: no-repeat;background-size: cover !important;}\u00a0\u00bb][vc_column width=\u00a0\u00bb1\/4&Prime;]<div class=\"vcex-module vcex-milestone clr vcex-animated-milestone\"><div class=\"vcex-milestone-inner\"><div class=\"vcex-milestone-desc\"><div class=\"vcex-milestone-number\" style=\"color:#ffffff;font-size:60px;margin-bottom:20px;font-weight:700;font-family:Titillium Web;\"><span class=\"vcex-milestone-time\" data-start-val=\"0\" data-end-val=\"40\" data-duration=\"2\" data-decimals=\"0\" data-separator=\",\" data-decimal=\".\">0<\/span><\/div><div class=\"vcex-milestone-caption\" style=\"font-family:Titillium Web;color:#ffffff;font-size:18px;font-weight:700;\">Partners<\/div><\/div><\/div><\/div>[\/vc_column][vc_column width=\u00a0\u00bb1\/4&Prime;]<div class=\"vcex-module vcex-milestone clr vcex-animated-milestone\"><div class=\"vcex-milestone-inner\"><div class=\"vcex-milestone-desc\"><div class=\"vcex-milestone-number\" style=\"color:#ffffff;font-size:60px;margin-bottom:20px;font-weight:700;font-family:Titillium Web;\"><span class=\"vcex-milestone-time\" data-start-val=\"0\" data-end-val=\"150\" data-duration=\"2\" data-decimals=\"0\" data-separator=\",\" data-decimal=\".\">0<\/span><span class=\"vcex-milestone-after\">M<\/span><\/div><div class=\"vcex-milestone-caption\" style=\"font-family:Titillium Web;color:#ffffff;font-size:18px;font-weight:700;\"> Minutes par an<\/div><\/div><\/div><\/div>[\/vc_column][vc_column width=\u00a0\u00bb1\/4&Prime;]<div class=\"vcex-module vcex-milestone clr vcex-animated-milestone\"><div class=\"vcex-milestone-inner\"><div class=\"vcex-milestone-desc\"><div class=\"vcex-milestone-number\" style=\"color:#ffffff;font-size:60px;margin-bottom:20px;font-weight:700;font-family:Titillium Web;\"><span class=\"vcex-milestone-before\">+<\/span><span class=\"vcex-milestone-time\" data-start-val=\"0\" data-end-val=\"150\" data-duration=\"2\" data-decimals=\"0\" data-separator=\",\" data-decimal=\".\">0<\/span><\/div><div class=\"vcex-milestone-caption\" style=\"font-family:Titillium Web;color:#ffffff;font-size:18px;font-weight:700;\"> Clients pro<\/div><\/div><\/div><\/div>[\/vc_column][vc_column width=\u00a0\u00bb1\/4&Prime;]<div class=\"vcex-module vcex-milestone clr vcex-animated-milestone\"><div class=\"vcex-milestone-inner\"><div class=\"vcex-milestone-desc\"><div class=\"vcex-milestone-number\" style=\"color:#ffffff;font-size:60px;margin-bottom:20px;font-weight:700;font-family:Titillium Web;\"><span class=\"vcex-milestone-time\" data-start-val=\"0\" data-end-val=\"100000\" data-duration=\"2\" data-decimals=\"0\" data-separator=\",\" data-decimal=\".\">0<\/span><\/div><div class=\"vcex-milestone-caption\" style=\"font-family:Titillium Web;color:#ffffff;font-size:18px;font-weight:700;\">Utilisateurs finaux<\/div><\/div><\/div><\/div>[\/vc_column][\/vc_row][vc_row full_width=\u00a0\u00bbstretch_row_content\u00a0\u00bb css=\u00a0\u00bb.vc_custom_1541951012056{background-color: #000000 !important;background-position: center !important;background-repeat: no-repeat !important;background-size: contain !important;}\u00a0\u00bb][vc_column css=\u00a0\u00bb.vc_custom_1541950939366{background-color: #000000 !important;background-position: center !important;background-repeat: no-repeat !important;background-size: cover !important;}\u00a0\u00bb]<div class=\"vcex-spacing\" style=\"height:30px\"><\/div><div class=\"vcex-module vcex-heading vcex-heading-plain\" style=\"color:#62bd1a;font-family:Titillium Web;font-size:36px;font-weight:600;text-align:center;\"><span class=\"vcex-heading-inner clr\">Nos localisation<\/span><\/div>[\/vc_column][\/vc_row][vc_row full_width=\u00a0\u00bbstretch_row\u00a0\u00bb css=\u00a0\u00bb.vc_custom_1541951001865{background-color: #000000 !important;background-position: center !important;background-repeat: no-repeat !important;background-size: contain !important;}\u00a0\u00bb][vc_column width=\u00a0\u00bb1\/3&Prime;][vc_hoverbox image=\u00a0\u00bb2135&Prime; primary_title=\u00a0\u00bbGreen M\u00e1laga\u00a0\u00bb primary_title_font_container=\u00a0\u00bbfont_size:24|color:%23ffffff\u00a0\u00bb primary_title_google_fonts=\u00a0\u00bbfont_family:Titillium%20Web%3A200%2C200italic%2C300%2C300italic%2Cregular%2Citalic%2C600%2C600italic%2C700%2C700italic%2C900|font_style:700%20bold%20regular%3A700%3Anormal\u00a0\u00bb hover_title=\u00a0\u00bbGreen M\u00e1laga\u00a0\u00bb hover_align=\u00a0\u00bbleft\u00a0\u00bb hover_title_font_container=\u00a0\u00bbfont_size:20|color:%2381d742|line_height:2&Prime; hover_title_google_fonts=\u00a0\u00bbfont_family:Titillium%20Web%3A200%2C200italic%2C300%2C300italic%2Cregular%2Citalic%2C600%2C600italic%2C700%2C700italic%2C900|font_style:400%20regular%3A400%3Anormal\u00a0\u00bb shape=\u00a0\u00bbsquare\u00a0\u00bb hover_background_color=\u00a0\u00bbcustom\u00a0\u00bb use_custom_fonts_primary_title=\u00a0\u00bbtrue\u00a0\u00bb use_custom_fonts_hover_title=\u00a0\u00bbtrue\u00a0\u00bb hover_custom_background=\u00a0\u00bb#000000&Prime;]\n<p style=\"text-align: left;\"><span style=\"color: #ffffff;\">Green Servicios 2007 SL M\u00e1laga<\/span><br \/>\n<span style=\"color: #ffffff;\">Avd. Tomillar 288<\/span><br \/>\n<span style=\"color: #ffffff;\">29130 Alhaurin de la Torre<\/span><br \/>\n<span style=\"color: #ffffff;\">Tel. +34 952 426 438<\/span><br \/>\n<span style=\"color: #ffffff;\">Email: administracion@greenservicios.com<\/span><\/p>\n[\/vc_hoverbox][\/vc_column][vc_column width=\u00a0\u00bb1\/3&Prime;][vc_hoverbox image=\u00a0\u00bb2136&Prime; primary_title=\u00a0\u00bbGreen Madrid\u00a0\u00bb primary_title_font_container=\u00a0\u00bbfont_size:24|color:%23ffffff\u00a0\u00bb primary_title_google_fonts=\u00a0\u00bbfont_family:Titillium%20Web%3A200%2C200italic%2C300%2C300italic%2Cregular%2Citalic%2C600%2C600italic%2C700%2C700italic%2C900|font_style:700%20bold%20regular%3A700%3Anormal\u00a0\u00bb hover_title=\u00a0\u00bbGreen Madrid\u00a0\u00bb hover_align=\u00a0\u00bbleft\u00a0\u00bb hover_title_font_container=\u00a0\u00bbfont_size:20|color:%2381d742|line_height:2&Prime; hover_title_google_fonts=\u00a0\u00bbfont_family:Titillium%20Web%3A200%2C200italic%2C300%2C300italic%2Cregular%2Citalic%2C600%2C600italic%2C700%2C700italic%2C900|font_style:400%20regular%3A400%3Anormal\u00a0\u00bb shape=\u00a0\u00bbsquare\u00a0\u00bb hover_background_color=\u00a0\u00bbcustom\u00a0\u00bb use_custom_fonts_primary_title=\u00a0\u00bbtrue\u00a0\u00bb use_custom_fonts_hover_title=\u00a0\u00bbtrue\u00a0\u00bb hover_custom_background=\u00a0\u00bb#000000&Prime;]\n<p style=\"text-align: left;\"><span style=\"color: #ffffff;\">Green Servicios 2007 SL. Madrid<\/span><br \/>\n<span style=\"color: #ffffff;\">Server point: Madrid<\/span><\/p>\n[\/vc_hoverbox][\/vc_column][vc_column width=\u00a0\u00bb1\/3&Prime;][vc_hoverbox image=\u00a0\u00bb2137&Prime; primary_title=\u00a0\u00bbGreen Barcelona\u00a0\u00bb primary_title_font_container=\u00a0\u00bbfont_size:24|color:%23ffffff\u00a0\u00bb primary_title_google_fonts=\u00a0\u00bbfont_family:Titillium%20Web%3A200%2C200italic%2C300%2C300italic%2Cregular%2Citalic%2C600%2C600italic%2C700%2C700italic%2C900|font_style:700%20bold%20regular%3A700%3Anormal\u00a0\u00bb hover_title=\u00a0\u00bbGreen Barcelona\u00a0\u00bb hover_align=\u00a0\u00bbleft\u00a0\u00bb hover_title_font_container=\u00a0\u00bbfont_size:20|color:%2381d742|line_height:2&Prime; hover_title_google_fonts=\u00a0\u00bbfont_family:Titillium%20Web%3A200%2C200italic%2C300%2C300italic%2Cregular%2Citalic%2C600%2C600italic%2C700%2C700italic%2C900|font_style:400%20regular%3A400%3Anormal\u00a0\u00bb shape=\u00a0\u00bbsquare\u00a0\u00bb hover_background_color=\u00a0\u00bbcustom\u00a0\u00bb use_custom_fonts_primary_title=\u00a0\u00bbtrue\u00a0\u00bb use_custom_fonts_hover_title=\u00a0\u00bbtrue\u00a0\u00bb hover_custom_background=\u00a0\u00bb#000000&Prime;]\n<p style=\"text-align: left;\"><span style=\"color: #ffffff;\">Green Servicios 2007 SL. Barcelona<\/span><br \/>\n<span style=\"color: #ffffff;\">Server point: Barcelona<\/span><\/p>\n[\/vc_hoverbox][\/vc_column][\/vc_row][vc_row full_width=\u00a0\u00bbstretch_row_content\u00a0\u00bb css=\u00a0\u00bb.vc_custom_1541951012056{background-color: #000000 !important;background-position: center !important;background-repeat: no-repeat !important;background-size: contain !important;}\u00a0\u00bb][vc_column css=\u00a0\u00bb.vc_custom_1541950939366{background-color: #000000 !important;background-position: center !important;background-repeat: no-repeat !important;background-size: cover !important;}\u00a0\u00bb]<div class=\"vcex-module vcex-divider vcex-divider-dotted  wpb_animate_when_almost_visible wpb_fadeIn fadeIn vcex-divider-center repeat-bg\" style=\"width:100px;\"><\/div><div class=\"vcex-spacing\" style=\"height:20px\"><\/div>[\/vc_column][\/vc_row][vc_row full_width=\u00a0\u00bbstretch_row_content\u00a0\u00bb css=\u00a0\u00bb.vc_custom_1542012037844{padding-top: 25px !important;background-color: #62bd1a !important;}\u00a0\u00bb][vc_column parallax=\u00a0\u00bbcontent-moving\u00a0\u00bb parallax_image=\u00a0\u00bb1663&Prime; parallax_speed_bg=\u00a0\u00bb1.2&Prime; width=\u00a0\u00bb1\/2&Prime; css=\u00a0\u00bb.vc_custom_1542034007326{background-position: center !important;background-repeat: no-repeat !important;background-size: cover !important;}\u00a0\u00bb][vc_empty_space height=\u00a0\u00bb254px\u00a0\u00bb]<div class=\"vcex-module vcex-heading vcex-heading-plain aligncenter\" style=\"color:#ffffff;font-family:Titillium Web;font-size:36px;font-weight:600;text-align:center;line-height:1.1;width:550px;\"><span class=\"vcex-heading-inner clr\">Si vous souhaitez plus d'informations sur nos offres ou nos services, contactez-nous.<\/span><\/div>[vc_empty_space height=\u00a0\u00bb254px\u00a0\u00bb][\/vc_column][vc_column width=\u00a0\u00bb1\/2&Prime; css=\u00a0\u00bb.vc_custom_1542011945825{background-color: #e0e0e0 !important;}\u00a0\u00bb]<div class=\"vcex-spacing\" style=\"height:40px\"><\/div><div role=\"form\" class=\"wpcf7\" id=\"wpcf7-f2698-o1\" lang=\"fr-FR\" dir=\"ltr\">\n<div class=\"screen-reader-response\"><p role=\"status\" aria-live=\"polite\" aria-atomic=\"true\"><\/p> <ul><\/ul><\/div>\n<form action=\"\/fr\/wp-json\/wp\/v2\/pages\/2011#wpcf7-f2698-o1\" method=\"post\" class=\"wpcf7-form init\" novalidate=\"novalidate\" data-status=\"init\">\n<div style=\"display: none;\">\n<input type=\"hidden\" name=\"_wpcf7\" value=\"2698\" \/>\n<input type=\"hidden\" name=\"_wpcf7_version\" value=\"5.6.3\" \/>\n<input type=\"hidden\" name=\"_wpcf7_locale\" value=\"fr_FR\" \/>\n<input type=\"hidden\" name=\"_wpcf7_unit_tag\" value=\"wpcf7-f2698-o1\" \/>\n<input type=\"hidden\" name=\"_wpcf7_container_post\" value=\"0\" \/>\n<input type=\"hidden\" name=\"_wpcf7_posted_data_hash\" value=\"\" \/>\n<\/div>\n<p><label> Nom *<br \/>\n    <span class=\"wpcf7-form-control-wrap\" data-name=\"your-name\"><input type=\"text\" name=\"your-name\" value=\"\" size=\"40\" class=\"wpcf7-form-control wpcf7-text wpcf7-validates-as-required\" aria-required=\"true\" aria-invalid=\"false\" \/><\/span> <\/label><\/p>\n<p><label> Mail *<br \/>\n    <span class=\"wpcf7-form-control-wrap\" data-name=\"your-email\"><input type=\"email\" name=\"your-email\" value=\"\" size=\"40\" class=\"wpcf7-form-control wpcf7-text wpcf7-email wpcf7-validates-as-required wpcf7-validates-as-email\" aria-required=\"true\" aria-invalid=\"false\" \/><\/span> <\/label><\/p>\n<p><label> Sujet<br \/>\n    <span class=\"wpcf7-form-control-wrap\" data-name=\"your-subject\"><input type=\"text\" name=\"your-subject\" value=\"\" size=\"40\" class=\"wpcf7-form-control wpcf7-text\" aria-invalid=\"false\" \/><\/span> <\/label><\/p>\n<p><label> Menssage<br \/>\n    <span class=\"wpcf7-form-control-wrap\" data-name=\"your-message\"><textarea name=\"your-message\" cols=\"40\" rows=\"10\" class=\"wpcf7-form-control wpcf7-textarea\" aria-invalid=\"false\"><\/textarea><\/span> <\/label><\/p>\n<p><input type=\"submit\" value=\"Envoyer\" class=\"wpcf7-form-control has-spinner wpcf7-submit\" \/><br \/>\n<span class=\"wpcf7-form-control-wrap\" data-name=\"acceptance-25\"><span class=\"wpcf7-form-control wpcf7-acceptance\"><span class=\"wpcf7-list-item\"><label><input type=\"checkbox\" name=\"acceptance-25\" value=\"1\" aria-invalid=\"false\" \/><span class=\"wpcf7-list-item-label\">La communication envoy\u00e9e sera int\u00e9gr\u00e9e \u00e0 un fichier pour lequel GREEN SERVICIOS 2007, S.L. est responsable. Cette communication sera utilis\u00e9e exclusivement pour traiter vos donn\u00e9es afin de r\u00e9pondre \u00e0 votre demande, toujours en conformit\u00e9 avec le r\u00e8glement (UE) 2016\/679 (GDPR), la loi organique espagnole 15\/1999 (LOPD) et le d\u00e9cret royal espagnol 1720\/2007 (du d\u00e9veloppement de la LOPD), sur la protection des donn\u00e9es \u00e0 caract\u00e8re personnel. Vos donn\u00e9es ne seront pas communiqu\u00e9es (partag\u00e9es avec) \u00e0 des tiers, sauf obligation l\u00e9gale, et seront conserv\u00e9es tant que vous ne demandez pas une annulation. Vous pouvez \u00e0 tout moment exercer les droits d'acc\u00e8s, de rectification, de portabilit\u00e9 et d'opposition ou, le cas \u00e9ch\u00e9ant, la limitation et \/ ou l'annulation du traitement, en le fournissant par \u00e9crit, en indiquant vos donn\u00e9es personnelles \u00e0 EL TOMILLAR, 288 29130, ALHAUR\u00cdN DE LA TORRE ou par courrier \u00e9lectronique \u00e0 mperez@greenservicios.com.<\/span><\/label><\/span><\/span><\/span><\/p>\n<div class=\"wpcf7-response-output\" aria-hidden=\"true\"><\/div><\/form><\/div><div class=\"vcex-spacing\" style=\"height:49px\"><\/div>[\/vc_column][\/vc_row]\n","protected":false},"excerpt":{"rendered":"<p>[vc_row full_width=\u00a0\u00bbstretch_row_content_no_spaces\u00a0\u00bb][vc_column][rev_slider_vc alias=\u00a0\u00bbgreen-home-fra\u00a0\u00bb][vc_empty_space height=\u00a0\u00bb30px\u00a0\u00bb css=\u00a0\u00bb.vc_custom_1542193625630{background-color: #000000 !important;}\u00a0\u00bb][vc_empty_space][\/vc_column][\/vc_row][vc_row column_spacing=\u00a0\u00bb40&Prime; center_row=\u00a0\u00bbyes\u00a0\u00bb padding_bottom=\u00a0\u00bb40px\u00a0\u00bb][vc_column width=\u00a0\u00bb1\/2&Prime;][\/vc_column][vc_column width=\u00a0\u00bb1\/2&Prime;][\/vc_column][\/vc_row][vc_row full_width=\u00a0\u00bbstretch_row\u00a0\u00bb css=\u00a0\u00bb.vc_custom_1489791802685{padding-top: 50px !important;padding-bottom: 30px !important;background-color: #f6f6f6 !important;}\u00a0\u00bb][vc_column width=\u00a0\u00bb1\/2&Prime;][vc_column_text] Green Servicios est un op\u00e9rateur espagnol fond\u00e9 en janvier 2007 et avec une licence CNMC. Depuis plus de treize&hellip;<\/p>\n","protected":false},"author":4,"featured_media":0,"parent":0,"menu_order":0,"comment_status":"closed","ping_status":"closed","template":"","meta":[],"translation":{"provider":"WPGlobus","version":"2.10.4","language":"fr","enabled_languages":["en","es","fr"],"languages":{"en":{"title":true,"content":true,"excerpt":false},"es":{"title":true,"content":true,"excerpt":false},"fr":{"title":true,"content":true,"excerpt":false}}},"_links":{"self":[{"href":"https:\/\/www.greenservicios.com\/fr\/wp-json\/wp\/v2\/pages\/2011"}],"collection":[{"href":"https:\/\/www.greenservicios.com\/fr\/wp-json\/wp\/v2\/pages"}],"about":[{"href":"https:\/\/www.greenservicios.com\/fr\/wp-json\/wp\/v2\/types\/page"}],"author":[{"embeddable":true,"href":"https:\/\/www.greenservicios.com\/fr\/wp-json\/wp\/v2\/users\/4"}],"replies":[{"embeddable":true,"href":"https:\/\/www.greenservicios.com\/fr\/wp-json\/wp\/v2\/comments?post=2011"}],"version-history":[{"count":177,"href":"https:\/\/www.greenservicios.com\/fr\/wp-json\/wp\/v2\/pages\/2011\/revisions"}],"predecessor-version":[{"id":2848,"href":"https:\/\/www.greenservicios.com\/fr\/wp-json\/wp\/v2\/pages\/2011\/revisions\/2848"}],"wp:attachment":[{"href":"https:\/\/www.greenservicios.com\/fr\/wp-json\/wp\/v2\/media?parent=2011"}],"curies":[{"name":"wp","href":"https:\/\/api.w.org\/{rel}","templated":true}]}}